{"id":253,"date":"2025-04-25T09:33:18","date_gmt":"2025-04-25T09:33:18","guid":{"rendered":"https:\/\/www.hartmannmontagebau.de\/karriere\/"},"modified":"2025-07-16T07:06:00","modified_gmt":"2025-07-16T07:06:00","slug":"karijera","status":"publish","type":"page","link":"https:\/\/www.hartmannmontagebau.de\/hr\/karijera\/","title":{"rendered":"KARIJERA"},"content":{"rendered":"<div class=\"wpb-content-wrapper\"><p>[vc_section full_width=&#8221;stretch_row&#8221; css=&#8221;.vc_custom_1745496880308{padding-top: 100px !important;padding-bottom: 100px !important;background-color: #FFD905 !important;}&#8221;][vc_row css_animation=&#8221;fadeInDown&#8221;][vc_column width=&#8221;2\/3&#8243;][vc_custom_heading text=&#8221;PONUDE ZA POSAO U&#8221; use_theme_fonts=&#8221;yes&#8221; css=&#8221;.vc_custom_1750689859091{margin-bottom: 0px !important;}&#8221; el_class=&#8221;black-bg-text&#8221;][vc_empty_space height=&#8221;0px&#8221;][vc_custom_heading text=&#8221;TEAM HARTMANN&#8221; use_theme_fonts=&#8221;yes&#8221; css=&#8221;.vc_custom_1750689863798{margin-bottom: 30px !important;}&#8221; el_class=&#8221;black-bg-text&#8221;][vc_column_text css=&#8221;.vc_custom_1750689871019{margin-bottom: 50px !important;}&#8221;]<strong>TRA\u017dI\u0160 SIGURAN POSAO S BUDU\u0106NO\u0160\u0106U, JAK TIM I UZBUDLJIVE PROJEKTE?<\/strong><br \/>\n<strong>ONDA SI U TEAM HARTMANN NA PRAVOM MESTU!<\/strong>[\/vc_column_text][vc_column_text css=&#8221;.vc_custom_1750689904303{margin-bottom: 50px !important;}&#8221;]Ve\u0107 vi\u0161e od 18 godina stojimo za kvalitet, preciznost i pouzdanost u oblastima monta\u017ee monta\u017enih ku\u0107a, fotonaponskih sistema i renoviranja. Kod nas te o\u010dekuje ne samo porodi\u010dna radna atmosfera, ve\u0107 i prave mogu\u0107nosti za razvoj, dobra plata i prilika da u\u010destvuje\u0161 u inovativnim gra\u0111evinskim projektima. Bilo da si iskusan profesionalac ili motivisani po\u010detnik \u2013 radujemo se tvojoj prijavi![\/vc_column_text][vc_column_text css=&#8221;&#8221;]<strong>\ud83d\udcaa Pridru\u017ei se Team Hartmann i zajedno s nama oblikuj budu\u0107nost gra\u0111evinarstva!<\/strong><br \/>\n<strong>\ud83d\udccd Prijavi se sada i postani deo na\u0161eg uspeha!<\/strong>[\/vc_column_text][\/vc_column][vc_column width=&#8221;1\/3&#8243;][\/vc_column][\/vc_row][vc_row content_placement=&#8221;middle&#8221; css_animation=&#8221;fadeInDown&#8221;][vc_column width=&#8221;1\/4&#8243;][vc_custom_heading text=&#8221;OVO TE O\u010cEKUJE&#8221; font_container=&#8221;tag:h3|text_align:left&#8221; use_theme_fonts=&#8221;yes&#8221; css=&#8221;.vc_custom_1750689927682{margin-bottom: 0px !important;}&#8221; el_class=&#8221;black-bg-text&#8221;][vc_empty_space height=&#8221;0px&#8221;][vc_custom_heading text=&#8221;KOD NAS&#8221; font_container=&#8221;tag:h3|text_align:left&#8221; use_theme_fonts=&#8221;yes&#8221; css=&#8221;.vc_custom_1750689932965{margin-bottom: 30px !important;}&#8221; el_class=&#8221;black-bg-text&#8221;][\/vc_column][vc_column width=&#8221;1\/4&#8243;][vc_custom_heading text=&#8221;NAJBOLJA PLATA<br \/>\n+ BONUS&#8221; font_container=&#8221;tag:h3|text_align:left&#8221; use_theme_fonts=&#8221;yes&#8221; css=&#8221;.vc_custom_1750689939110{margin-bottom: 20px !important;}&#8221;][\/vc_column][vc_column width=&#8221;1\/4&#8243;][vc_custom_heading text=&#8221;ALAT ZA PROFESIONALCE&#8221; font_container=&#8221;tag:h3|text_align:left&#8221; use_theme_fonts=&#8221;yes&#8221; css=&#8221;.vc_custom_1752592542874{margin-bottom: 20px !important;}&#8221;][\/vc_column][vc_column width=&#8221;1\/4&#8243;][vc_custom_heading text=&#8221;NAJBOLJI TIM<br \/>\nIKADA&#8221; font_container=&#8221;tag:h3|text_align:left&#8221; use_theme_fonts=&#8221;yes&#8221; css=&#8221;&#8221;][\/vc_column][\/vc_row][\/vc_section][vc_row full_width=&#8221;stretch_row_content_no_spaces&#8221;][vc_column]\n\t\t\t<!-- START Karriere REVOLUTION SLIDER 6.7.2 --><p class=\"rs-p-wp-fix\"><\/p>\n\t\t\t<rs-module-wrap id=\"rev_slider_3_1_wrapper\" data-source=\"gallery\" style=\"visibility:hidden;background:transparent;padding:0;margin:0px auto;margin-top:0;margin-bottom:0;\">\n\t\t\t\t<rs-module id=\"rev_slider_3_1\" style=\"\" data-version=\"6.7.2\">\n\t\t\t\t\t<rs-slides style=\"overflow: hidden; position: absolute;\">\n\t\t\t\t\t\t<rs-slide style=\"position: absolute;\" data-key=\"rs-3\" data-title=\"Slide\" data-in=\"o:0;\" data-out=\"a:false;\">\n\t\t\t\t\t\t\t<img decoding=\"async\" src=\"\/\/www.hartmannmontagebau.de\/wp-content\/plugins\/revslider\/sr6\/assets\/assets\/dummy.png\" alt=\"\" title=\"KARIJERA\" class=\"rev-slidebg tp-rs-img rs-lazyload\" data-lazyload=\"\/\/www.hartmannmontagebau.de\/wp-content\/plugins\/revslider\/sr6\/assets\/assets\/transparent.png\" data-no-retina>\n\t\t\t\t\t\t\t<rs-bgvideo \n\t\t\t\t\t\t\t\tdata-video=\"w:100%;h:100%;nse:false;l:true;ptimer:false;vfc:true;\"\n\t\t\t\t\t\t\t\tdata-mp4=\"\/\/www.hartmannmontagebau.de\/wp-content\/uploads\/Headder_website_Team-spirit-1.mp4\"\n\t\t\t\t\t\t\t><\/rs-bgvideo>\n<!---->\t\t\t\t\t<\/rs-slide>\n\t\t\t\t\t<\/rs-slides>\n\t\t\t\t<\/rs-module>\n\t\t\t\t<script>\n\t\t\t\t\tsetREVStartSize({c: 'rev_slider_3_1',rl:[1240,1240,1240,480],el:[800,800,800,800],gw:[1240,1240,1240,480],gh:[800,800,800,480],type:'standard',justify:'',layout:'fullwidth',mh:\"0\"});if (window.RS_MODULES!==undefined && window.RS_MODULES.modules!==undefined && window.RS_MODULES.modules[\"revslider31\"]!==undefined) {window.RS_MODULES.modules[\"revslider31\"].once = false;window.revapi3 = undefined;if (window.RS_MODULES.checkMinimal!==undefined) window.RS_MODULES.checkMinimal()}\n\t\t\t\t<\/script>\n\t\t\t<\/rs-module-wrap>\n\t\t\t<!-- END REVOLUTION SLIDER -->\n[\/vc_column][\/vc_row][vc_row css_animation=&#8221;fadeInDown&#8221; css=&#8221;.vc_custom_1752649443041{padding-top: 50px !important;padding-bottom: 50px !important;}&#8221;][vc_column][vc_custom_heading text=&#8221;NA\u0160E AKTUELNE PONUDE<br \/>\nZA POSAO U ALTSHAUSEN&#8221; font_container=&#8221;tag:h3|text_align:left&#8221; use_theme_fonts=&#8221;yes&#8221; css=&#8221;.vc_custom_1750689995249{margin-bottom: 20px !important;}&#8221;][vc_tta_accordion section_title_tag=&#8221;h3&#8243; color=&#8221;black&#8221; spacing=&#8221;20&#8243; active_section=&#8221;&#8221;][vc_tta_section title=&#8221;TRA\u017dIMO TEBE (M\/WD)&#8221; tab_id=&#8221;1747328261672-6177d1d7-393c&#8221;][vc_column_text css=&#8221;&#8221;]<\/p>\n<p style=\"font-weight: 400;\"><strong>TESARA ZA MONTA\u017dU MONTA\u017dNIH KU\u0106A U REGIJI OBERSCHWABEN<\/strong><\/p>\n<p style=\"font-weight: 400;\">U dogovoru s na\u0161im gra\u0111evinskim timom gradi\u0161 monta\u017ene ku\u0107e i drvene konstrukcije (fachwerk).<br \/>\nO\u010dekuju te raznovrsni zadaci, dinami\u010dno i zanimljivo radno okru\u017eenje u pouzdanom timu.<br \/>\nOdlikuju te timski duh, spremnost na rad, fleksibilnost i samostalan na\u010din rada? Onda si ti prava osoba za nas!<\/p>\n<p style=\"font-weight: 400;\"><strong>Tvoj profil:<\/strong><br \/>\n\u2013 Zavr\u0161ena obuka kao tesar (m\/\u017e\/d), stolar (m\/\u017e\/d) ili sli\u010dna zanatska struka u gra\u0111evinarstvu<br \/>\n\u2013 Po\u017eeljno radno iskustvo<br \/>\n\u2013 Voza\u010dka dozvola<br \/>\n\u2013 Samostalan i odgovoran na\u010din rada<br \/>\n\u2013 Timski duh i fizi\u010dka izdr\u017eljivost<\/p>\n<p style=\"font-weight: 400;\"><strong>Nudimo ti:<\/strong><br \/>\n\u2013 Atraktivno radno mesto<br \/>\n\u2013 Stalno zaposlenje, bez obzira na sezonu<br \/>\n\u2013 Ugovor na neodre\u0111eno vreme<br \/>\n\u2013 Radna ode\u0107a obezbe\u0111ena<\/p>\n<p>Radujemo se tvojoj prijavi!<\/p>\n<p style=\"font-weight: 400;\"><strong>Sascha HARTMANN<\/strong><br \/>\n\ud83d\udcde TELEFON: 07584-9274572<br \/>\n\ud83d\udce7 E-MAIL:\u00a0solarhartmann@t-online.de[\/vc_column_text][\/vc_tta_section][vc_tta_section title=&#8221;Mol\u00acer \/ Gipsar (M\/W\/D)&#8221; tab_id=&#8221;1747328705611-ce11c805-2d25&#8243;][vc_column_text css=&#8221;&#8221;]<\/p>\n<p style=\"font-weight: 400;\">Tra\u017eimo te kao molera\/gipsara za armiranje na\u0161ih monta\u017enih ku\u0107a.<br \/>\nBi\u0107e\u0161 zadu\u017een za spolja\u0161nje malterisanje, uklju\u010duju\u0107i radove sa glet masom \u2013 godi\u0161nje oko 80 ku\u0107a.<\/p>\n<p style=\"font-weight: 400;\">O\u010dekuju te raznovrsni zadaci, zanimljivo i dinami\u010dno radno okru\u017eenje u pouzdanom timu.<\/p>\n<p style=\"font-weight: 400;\">Odlikuju te timski duh, radna etika, fleksibilnost i samostalan na\u010din rada? Onda si prava osoba za nas!<\/p>\n<p style=\"font-weight: 400;\">\n<p style=\"font-weight: 400;\"><strong>Tvoj profil:<\/strong><br \/>\n\u2013 Zavr\u0161ena stru\u010dna obuka za molera\/gipsara (m\/\u017e\/d)<br \/>\n\u2013 Voza\u010dka dozvola<br \/>\n\u2013 Odgovoran i samostalan na\u010din rada<br \/>\n\u2013 Timski duh i fizi\u010dka izdr\u017eljivost<\/p>\n<p style=\"font-weight: 400;\"><strong>Nudimo ti:<\/strong><br \/>\n\u2013 Atraktivno radno mesto<br \/>\n\u2013 Zaposlenje nezavisno od sezonskih uslova<br \/>\n\u2013 Ugovor na neodre\u0111eno vreme<br \/>\n\u2013 Obezbe\u0111ena radna ode\u0107a<\/p>\n<p style=\"font-weight: 400;\">Radujemo se tvojoj prijavi!<\/p>\n<p><strong>Sascha HARTMANN<\/strong><span style=\"font-weight: 400;\"><br \/>\n<\/span><span style=\"font-weight: 400;\">\ud83d\udcde<\/span><span style=\"font-weight: 400;\"> TELEFON: 07584-9274572<br \/>\n<\/span><span style=\"font-weight: 400;\">\ud83d\udce7<\/span><span style=\"font-weight: 400;\"> E-MAIL:\u00a0<\/span><span style=\"font-weight: 400;\"><a href=\"mailto:solarhartmann@t-online.de\">solarhartmann@t-online.de<\/a><\/span><span style=\"font-weight: 400;\"><\/p>\n<p><\/span>[\/vc_column_text][\/vc_tta_section][\/vc_tta_accordion][\/vc_column][\/vc_row][vc_section full_width=&#8221;stretch_row&#8221; full_height=&#8221;yes&#8221; css=&#8221;.vc_custom_1745577797994{padding-top: 80px !important;padding-bottom: 120px !important;background-color: #000000 !important;}&#8221;][vc_row css_animation=&#8221;fadeInDown&#8221;][vc_column][vc_custom_heading text=&#8221;JO\u0160 PITANJA?<br \/>\nPI\u0160ITE NAM&#8221; font_container=&#8221;tag:h3|text_align:left&#8221; use_theme_fonts=&#8221;yes&#8221; css=&#8221;.vc_custom_1750690013041{margin-bottom: 50px !important;}&#8221; el_class=&#8221;white-bg-text&#8221;][\/vc_column][\/vc_row][vc_row css=&#8221;.vc_custom_1745577832080{margin-bottom: 70px !important;}&#8221;][vc_column width=&#8221;1\/4&#8243;]<style type=\"text\/css\" data-type=\"the7_shortcodes-inline-css\">#default-btn-ada3d2a3216009ac14712667dd4b5467.ico-right-side > i {\n  margin-right: 0px;\n  margin-left: 8px;\n}\n#default-btn-ada3d2a3216009ac14712667dd4b5467 > i {\n  margin-right: 8px;\n}\n<\/style><a href=\"mailto:info@hartmannmontagebau.de\" class=\"default-btn-shortcode dt-btn dt-btn-m link-hover-off full-width-btn btn-inline-left \" id=\"default-btn-ada3d2a3216009ac14712667dd4b5467\"><span>E-MAIL<\/span><\/a>[\/vc_column][vc_column width=&#8221;1\/4&#8243;]<style type=\"text\/css\" data-type=\"the7_shortcodes-inline-css\">#default-btn-5b3691561f26dcc30044109348a2394e.ico-right-side > i {\n  margin-right: 0px;\n  margin-left: 8px;\n}\n#default-btn-5b3691561f26dcc30044109348a2394e > i {\n  margin-right: 8px;\n}\n<\/style><a href=\"https:\/\/wa.me\/+491793219418\" class=\"default-btn-shortcode dt-btn dt-btn-m link-hover-off full-width-btn btn-inline-left \" id=\"default-btn-5b3691561f26dcc30044109348a2394e\"><span>WHATS APP<\/span><\/a>[\/vc_column][vc_column width=&#8221;1\/4&#8243;]<style type=\"text\/css\" data-type=\"the7_shortcodes-inline-css\">#default-btn-6fe009d01de815964d1d6b47db9af3f6.ico-right-side > i {\n  margin-right: 0px;\n  margin-left: 8px;\n}\n#default-btn-6fe009d01de815964d1d6b47db9af3f6 > i {\n  margin-right: 8px;\n}\n<\/style><a href=\"tel:+491793219418\" class=\"default-btn-shortcode dt-btn dt-btn-m link-hover-off full-width-btn btn-inline-left \" id=\"default-btn-6fe009d01de815964d1d6b47db9af3f6\"><span>POZOVITE NAS<\/span><\/a>[\/vc_column][vc_column width=&#8221;1\/4&#8243;][\/vc_column][\/vc_row][vc_row][vc_column]\n<div class=\"wpcf7 no-js\" id=\"wpcf7-f337-o1\" lang=\"de-DE\" dir=\"ltr\" data-wpcf7-id=\"337\">\n<div class=\"screen-reader-response\"><p role=\"status\" aria-live=\"polite\" aria-atomic=\"true\"><\/p> <ul><\/ul><\/div>\n<form action=\"\/hr\/wp-json\/wp\/v2\/pages\/253#wpcf7-f337-o1\" method=\"post\" class=\"wpcf7-form init\" aria-label=\"Kontaktformular\" enctype=\"multipart\/form-data\" novalidate=\"novalidate\" data-status=\"init\">\n<fieldset class=\"hidden-fields-container\"><input type=\"hidden\" name=\"_wpcf7\" value=\"337\" \/><input type=\"hidden\" name=\"_wpcf7_version\" value=\"6.1.5\" \/><input type=\"hidden\" name=\"_wpcf7_locale\" value=\"de_DE\" \/><input type=\"hidden\" name=\"_wpcf7_unit_tag\" value=\"wpcf7-f337-o1\" \/><input type=\"hidden\" name=\"_wpcf7_container_post\" value=\"0\" \/><input type=\"hidden\" name=\"_wpcf7_posted_data_hash\" value=\"\" \/>\n<\/fieldset>\n<p><span class=\"wpcf7-form-control-wrap\" data-name=\"file-337\"><input size=\"40\" class=\"wpcf7-form-control wpcf7-file\" accept=\"audio\/*,video\/*,image\/*\" aria-invalid=\"false\" type=\"file\" name=\"file-337\" \/><\/span>\n<\/p>\n<div class=\"vc_col-sm-6\">\n\t<p><label> IME<br \/>\n<span class=\"wpcf7-form-control-wrap\" data-name=\"your-name\"><input size=\"40\" maxlength=\"400\" class=\"wpcf7-form-control wpcf7-text wpcf7-validates-as-required\" autocomplete=\"name\" aria-required=\"true\" aria-invalid=\"false\" value=\"\" type=\"text\" name=\"your-name\" \/><\/span> <\/label>\n\t<\/p>\n<\/div>\n<div class=\"vc_col-sm-6\">\n\t<p><label> E-Mail<br \/>\n<span class=\"wpcf7-form-control-wrap\" data-name=\"your-email\"><input size=\"40\" maxlength=\"400\" class=\"wpcf7-form-control wpcf7-email wpcf7-validates-as-required wpcf7-text wpcf7-validates-as-email\" autocomplete=\"email\" aria-required=\"true\" aria-invalid=\"false\" value=\"\" type=\"email\" name=\"your-email\" \/><\/span> <\/label>\n\t<\/p>\n<\/div>\n<div class=\"vc_col-sm-6\">\n\t<p><label> PREZIME<br \/>\n<span class=\"wpcf7-form-control-wrap\" data-name=\"your-subject\"><input size=\"40\" maxlength=\"400\" class=\"wpcf7-form-control wpcf7-text wpcf7-validates-as-required\" aria-required=\"true\" aria-invalid=\"false\" value=\"\" type=\"text\" name=\"your-subject\" \/><\/span> <\/label>\n\t<\/p>\n<\/div>\n<div class=\"vc_col-sm-6\">\n\t<p><label> POSTAVI PRIJAVU<br \/>\n<span class=\"wpcf7-form-control-wrap\" data-name=\"file-583\"><input size=\"40\" class=\"wpcf7-form-control wpcf7-file\" accept=\"audio\/*,video\/*,image\/*\" aria-invalid=\"false\" type=\"file\" name=\"file-583\" \/><\/span> <\/label>\n\t<\/p>\n<\/div>\n<div class=\"vc_col-sm-12\">\n\t<p><label> PORUKA<br \/>\n<span class=\"wpcf7-form-control-wrap\" data-name=\"your-message\"><textarea cols=\"40\" rows=\"10\" maxlength=\"2000\" class=\"wpcf7-form-control wpcf7-textarea\" aria-invalid=\"false\" name=\"your-message\"><\/textarea><\/span> <\/label>\n\t<\/p>\n<\/div>\n<div class=\"vc_col-sm-12\">\n\t<p><span class=\"wpcf7-form-control-wrap\" data-name=\"acceptance-129\"><span class=\"wpcf7-form-control wpcf7-acceptance\"><span class=\"wpcf7-list-item\"><label><input type=\"checkbox\" name=\"acceptance-129\" value=\"1\" aria-invalid=\"false\" \/><span class=\"wpcf7-list-item-label\">IMAM TU<a href=\".\/datenschutz\">IZJAVA O ZA\u0160TITI PODATAKA<\/a> PRO\u010cITAO\/LA SAM I PRIHVATAM<\/span><\/label><\/span><\/span><\/span>\n\t<\/p>\n<\/div>\n<div class=\"vc_col-sm-12\">\n\t<p><input class=\"wpcf7-form-control wpcf7-submit has-spinner\" type=\"submit\" value=\"PO\u0160ALJI\" \/>\n\t<\/p>\n<\/div><div class=\"wpcf7-response-output\" aria-hidden=\"true\"><\/div>\n<\/form>\n<\/div>\n[\/vc_column][\/vc_row][\/vc_section]<\/p>\n<\/div>","protected":false},"excerpt":{"rendered":"<p>[vc_section full_width=&#8221;stretch_row&#8221; css=&#8221;.vc_custom_1745496880308{padding-top: 100px !important;padding-bottom: 100px !important;background-color: #FFD905 !important;}&#8221;][vc_row css_animation=&#8221;fadeInDown&#8221;][vc_column width=&#8221;2\/3&#8243;][vc_custom_heading text=&#8221;PONUDE ZA POSAO U&#8221; use_theme_fonts=&#8221;yes&#8221; css=&#8221;.vc_custom_1750689859091{margin-bottom: 0px !important;}&#8221; el_class=&#8221;black-bg-text&#8221;][vc_empty_space height=&#8221;0px&#8221;][vc_custom_heading text=&#8221;TEAM HARTMANN&#8221; use_theme_fonts=&#8221;yes&#8221; css=&#8221;.vc_custom_1750689863798{margin-bottom: 30px !important;}&#8221; el_class=&#8221;black-bg-text&#8221;][vc_column_text css=&#8221;.vc_custom_1750689871019{margin-bottom: 50px !important;}&#8221;]TRA\u017dI\u0160 SIGURAN POSAO S BUDU\u0106NO\u0160\u0106U, JAK TIM I UZBUDLJIVE PROJEKTE? ONDA SI U TEAM HARTMANN NA PRAVOM MESTU![\/vc_column_text][vc_column_text css=&#8221;.vc_custom_1750689904303{margin-bottom: 50px !important;}&#8221;]Ve\u0107 vi\u0161e od 18 godina&hellip;<\/p>\n","protected":false},"author":1,"featured_media":0,"parent":0,"menu_order":0,"comment_status":"closed","ping_status":"closed","template":"","meta":{"footnotes":""},"class_list":["post-253","page","type-page","status-publish","hentry","description-off"],"yoast_head":"<!-- This site is optimized with the Yoast SEO plugin v27.4 - https:\/\/yoast.com\/product\/yoast-seo-wordpress\/ -->\n<title>KARIJERA - TEAM HARTMANN &ndash; Die Montagebau Profis aus Altshausen<\/title>\n<meta name=\"robots\" content=\"noindex, follow, max-snippet:-1, max-image-preview:large, max-video-preview:-1\" \/>\n<meta property=\"og:locale\" content=\"hr_HR\" \/>\n<meta property=\"og:type\" content=\"article\" \/>\n<meta property=\"og:title\" content=\"KARIJERA - TEAM HARTMANN &ndash; Die Montagebau Profis aus Altshausen\" \/>\n<meta property=\"og:description\" content=\"[vc_section full_width=&#8221;stretch_row&#8221; css=&#8221;.vc_custom_1745496880308{padding-top: 100px !important;padding-bottom: 100px !important;background-color: #FFD905 !important;}&#8221;][vc_row css_animation=&#8221;fadeInDown&#8221;][vc_column width=&#8221;2\/3&#8243;][vc_custom_heading text=&#8221;PONUDE ZA POSAO U&#8221; use_theme_fonts=&#8221;yes&#8221; css=&#8221;.vc_custom_1750689859091{margin-bottom: 0px !important;}&#8221; el_class=&#8221;black-bg-text&#8221;][vc_empty_space height=&#8221;0px&#8221;][vc_custom_heading text=&#8221;TEAM HARTMANN&#8221; use_theme_fonts=&#8221;yes&#8221; css=&#8221;.vc_custom_1750689863798{margin-bottom: 30px !important;}&#8221; el_class=&#8221;black-bg-text&#8221;][vc_column_text css=&#8221;.vc_custom_1750689871019{margin-bottom: 50px !important;}&#8221;]TRA\u017dI\u0160 SIGURAN POSAO S BUDU\u0106NO\u0160\u0106U, JAK TIM I UZBUDLJIVE PROJEKTE? ONDA SI U TEAM HARTMANN NA PRAVOM MESTU![\/vc_column_text][vc_column_text css=&#8221;.vc_custom_1750689904303{margin-bottom: 50px !important;}&#8221;]Ve\u0107 vi\u0161e od 18 godina&hellip;\" \/>\n<meta property=\"og:url\" content=\"https:\/\/www.hartmannmontagebau.de\/karriere\/\" \/>\n<meta property=\"og:site_name\" content=\"TEAM HARTMANN &ndash; Die Montagebau Profis aus Altshausen\" \/>\n<meta property=\"article:modified_time\" content=\"2025-07-16T07:06:00+00:00\" \/>\n<meta name=\"twitter:card\" content=\"summary_large_image\" \/>\n<meta name=\"twitter:label1\" content=\"Procijenjeno vrijeme \u010ditanja\" \/>\n\t<meta name=\"twitter:data1\" content=\"3 minute\" \/>\n<script type=\"application\/ld+json\" class=\"yoast-schema-graph\">{\"@context\":\"https:\\\/\\\/schema.org\",\"@graph\":[{\"@type\":\"WebPage\",\"@id\":\"https:\\\/\\\/www.hartmannmontagebau.de\\\/karriere\\\/\",\"url\":\"https:\\\/\\\/www.hartmannmontagebau.de\\\/karriere\\\/\",\"name\":\"KARIJERA - TEAM HARTMANN &ndash; Die Montagebau Profis aus Altshausen\",\"isPartOf\":{\"@id\":\"https:\\\/\\\/www.hartmannmontagebau.de\\\/#website\"},\"datePublished\":\"2025-04-25T09:33:18+00:00\",\"dateModified\":\"2025-07-16T07:06:00+00:00\",\"breadcrumb\":{\"@id\":\"https:\\\/\\\/www.hartmannmontagebau.de\\\/karriere\\\/#breadcrumb\"},\"inLanguage\":\"hr\",\"potentialAction\":[{\"@type\":\"ReadAction\",\"target\":[\"https:\\\/\\\/www.hartmannmontagebau.de\\\/karriere\\\/\"]}]},{\"@type\":\"BreadcrumbList\",\"@id\":\"https:\\\/\\\/www.hartmannmontagebau.de\\\/karriere\\\/#breadcrumb\",\"itemListElement\":[{\"@type\":\"ListItem\",\"position\":1,\"name\":\"Startseite\",\"item\":\"https:\\\/\\\/www.hartmannmontagebau.de\\\/hr\\\/\"},{\"@type\":\"ListItem\",\"position\":2,\"name\":\"KARIJERA\"}]},{\"@type\":\"WebSite\",\"@id\":\"https:\\\/\\\/www.hartmannmontagebau.de\\\/#website\",\"url\":\"https:\\\/\\\/www.hartmannmontagebau.de\\\/\",\"name\":\"TEAM HARTMANN \u2013 Montagebau, Fertighausmontage und PV\",\"description\":\"Montage von Fertigh&auml;usern, PV-Anlagen und Bauelementen\",\"publisher\":{\"@id\":\"https:\\\/\\\/www.hartmannmontagebau.de\\\/#organization\"},\"potentialAction\":[{\"@type\":\"SearchAction\",\"target\":{\"@type\":\"EntryPoint\",\"urlTemplate\":\"https:\\\/\\\/www.hartmannmontagebau.de\\\/?s={search_term_string}\"},\"query-input\":{\"@type\":\"PropertyValueSpecification\",\"valueRequired\":true,\"valueName\":\"search_term_string\"}}],\"inLanguage\":\"hr\"},{\"@type\":\"Organization\",\"@id\":\"https:\\\/\\\/www.hartmannmontagebau.de\\\/#organization\",\"name\":\"TEAM HARTMANN\",\"url\":\"https:\\\/\\\/www.hartmannmontagebau.de\\\/\",\"logo\":{\"@type\":\"ImageObject\",\"inLanguage\":\"hr\",\"@id\":\"https:\\\/\\\/www.hartmannmontagebau.de\\\/#\\\/schema\\\/logo\\\/image\\\/\",\"url\":\"https:\\\/\\\/www.hartmannmontagebau.de\\\/wp-content\\\/uploads\\\/logo_hartmann33px.png\",\"contentUrl\":\"https:\\\/\\\/www.hartmannmontagebau.de\\\/wp-content\\\/uploads\\\/logo_hartmann33px.png\",\"width\":127,\"height\":38,\"caption\":\"TEAM HARTMANN\"},\"image\":{\"@id\":\"https:\\\/\\\/www.hartmannmontagebau.de\\\/#\\\/schema\\\/logo\\\/image\\\/\"},\"sameAs\":[\"https:\\\/\\\/www.instagram.com\\\/montagebau_hartmann_\\\/\"]}]}<\/script>\n<!-- \/ Yoast SEO plugin. -->","yoast_head_json":{"title":"KARIJERA - TEAM HARTMANN &ndash; Die Montagebau Profis aus Altshausen","robots":{"index":"noindex","follow":"follow","max-snippet":"max-snippet:-1","max-image-preview":"max-image-preview:large","max-video-preview":"max-video-preview:-1"},"og_locale":"hr_HR","og_type":"article","og_title":"KARIJERA - TEAM HARTMANN &ndash; Die Montagebau Profis aus Altshausen","og_description":"[vc_section full_width=&#8221;stretch_row&#8221; css=&#8221;.vc_custom_1745496880308{padding-top: 100px !important;padding-bottom: 100px !important;background-color: #FFD905 !important;}&#8221;][vc_row css_animation=&#8221;fadeInDown&#8221;][vc_column width=&#8221;2\/3&#8243;][vc_custom_heading text=&#8221;PONUDE ZA POSAO U&#8221; use_theme_fonts=&#8221;yes&#8221; css=&#8221;.vc_custom_1750689859091{margin-bottom: 0px !important;}&#8221; el_class=&#8221;black-bg-text&#8221;][vc_empty_space height=&#8221;0px&#8221;][vc_custom_heading text=&#8221;TEAM HARTMANN&#8221; use_theme_fonts=&#8221;yes&#8221; css=&#8221;.vc_custom_1750689863798{margin-bottom: 30px !important;}&#8221; el_class=&#8221;black-bg-text&#8221;][vc_column_text css=&#8221;.vc_custom_1750689871019{margin-bottom: 50px !important;}&#8221;]TRA\u017dI\u0160 SIGURAN POSAO S BUDU\u0106NO\u0160\u0106U, JAK TIM I UZBUDLJIVE PROJEKTE? ONDA SI U TEAM HARTMANN NA PRAVOM MESTU![\/vc_column_text][vc_column_text css=&#8221;.vc_custom_1750689904303{margin-bottom: 50px !important;}&#8221;]Ve\u0107 vi\u0161e od 18 godina&hellip;","og_url":"https:\/\/www.hartmannmontagebau.de\/karriere\/","og_site_name":"TEAM HARTMANN &ndash; Die Montagebau Profis aus Altshausen","article_modified_time":"2025-07-16T07:06:00+00:00","twitter_card":"summary_large_image","twitter_misc":{"Procijenjeno vrijeme \u010ditanja":"3 minute"},"schema":{"@context":"https:\/\/schema.org","@graph":[{"@type":"WebPage","@id":"https:\/\/www.hartmannmontagebau.de\/karriere\/","url":"https:\/\/www.hartmannmontagebau.de\/karriere\/","name":"KARIJERA - TEAM HARTMANN &ndash; Die Montagebau Profis aus Altshausen","isPartOf":{"@id":"https:\/\/www.hartmannmontagebau.de\/#website"},"datePublished":"2025-04-25T09:33:18+00:00","dateModified":"2025-07-16T07:06:00+00:00","breadcrumb":{"@id":"https:\/\/www.hartmannmontagebau.de\/karriere\/#breadcrumb"},"inLanguage":"hr","potentialAction":[{"@type":"ReadAction","target":["https:\/\/www.hartmannmontagebau.de\/karriere\/"]}]},{"@type":"BreadcrumbList","@id":"https:\/\/www.hartmannmontagebau.de\/karriere\/#breadcrumb","itemListElement":[{"@type":"ListItem","position":1,"name":"Startseite","item":"https:\/\/www.hartmannmontagebau.de\/hr\/"},{"@type":"ListItem","position":2,"name":"KARIJERA"}]},{"@type":"WebSite","@id":"https:\/\/www.hartmannmontagebau.de\/#website","url":"https:\/\/www.hartmannmontagebau.de\/","name":"TEAM HARTMANN \u2013 Montagebau, Fertighausmontage und PV","description":"Montage von Fertigh&auml;usern, PV-Anlagen und Bauelementen","publisher":{"@id":"https:\/\/www.hartmannmontagebau.de\/#organization"},"potentialAction":[{"@type":"SearchAction","target":{"@type":"EntryPoint","urlTemplate":"https:\/\/www.hartmannmontagebau.de\/?s={search_term_string}"},"query-input":{"@type":"PropertyValueSpecification","valueRequired":true,"valueName":"search_term_string"}}],"inLanguage":"hr"},{"@type":"Organization","@id":"https:\/\/www.hartmannmontagebau.de\/#organization","name":"TEAM HARTMANN","url":"https:\/\/www.hartmannmontagebau.de\/","logo":{"@type":"ImageObject","inLanguage":"hr","@id":"https:\/\/www.hartmannmontagebau.de\/#\/schema\/logo\/image\/","url":"https:\/\/www.hartmannmontagebau.de\/wp-content\/uploads\/logo_hartmann33px.png","contentUrl":"https:\/\/www.hartmannmontagebau.de\/wp-content\/uploads\/logo_hartmann33px.png","width":127,"height":38,"caption":"TEAM HARTMANN"},"image":{"@id":"https:\/\/www.hartmannmontagebau.de\/#\/schema\/logo\/image\/"},"sameAs":["https:\/\/www.instagram.com\/montagebau_hartmann_\/"]}]}},"_links":{"self":[{"href":"https:\/\/www.hartmannmontagebau.de\/hr\/wp-json\/wp\/v2\/pages\/253","targetHints":{"allow":["GET"]}}],"collection":[{"href":"https:\/\/www.hartmannmontagebau.de\/hr\/wp-json\/wp\/v2\/pages"}],"about":[{"href":"https:\/\/www.hartmannmontagebau.de\/hr\/wp-json\/wp\/v2\/types\/page"}],"author":[{"embeddable":true,"href":"https:\/\/www.hartmannmontagebau.de\/hr\/wp-json\/wp\/v2\/users\/1"}],"replies":[{"embeddable":true,"href":"https:\/\/www.hartmannmontagebau.de\/hr\/wp-json\/wp\/v2\/comments?post=253"}],"version-history":[{"count":8,"href":"https:\/\/www.hartmannmontagebau.de\/hr\/wp-json\/wp\/v2\/pages\/253\/revisions"}],"predecessor-version":[{"id":378,"href":"https:\/\/www.hartmannmontagebau.de\/hr\/wp-json\/wp\/v2\/pages\/253\/revisions\/378"}],"wp:attachment":[{"href":"https:\/\/www.hartmannmontagebau.de\/hr\/wp-json\/wp\/v2\/media?parent=253"}],"curies":[{"name":"wp","href":"https:\/\/api.w.org\/{rel}","templated":true}]}}