{"id":248,"date":"2025-06-23T14:33:08","date_gmt":"2025-06-23T14:33:08","guid":{"rendered":"https:\/\/www.hartmannmontagebau.de\/home\/"},"modified":"2025-07-15T13:44:07","modified_gmt":"2025-07-15T13:44:07","slug":"montaza","status":"publish","type":"page","link":"https:\/\/www.hartmannmontagebau.de\/hr\/","title":{"rendered":"Home"},"content":{"rendered":"<div class=\"wpb-content-wrapper\"><p>[vc_section full_width=&#8221;stretch_row&#8221; css=&#8221;.vc_custom_1746875288789{margin-bottom: 70px !important;padding-top: 50px !important;padding-bottom: 50px !important;background: #000000 url(https:\/\/www.hartmannmontagebau.de\/wp-content\/uploads\/bg-white-box.png?id=95) !important;background-position: 0 0 !important;background-repeat: no-repeat !important;}&#8221;][vc_row css=&#8221;.vc_custom_1745494865601{margin-bottom: 25px !important;}&#8221;][vc_column][vc_custom_heading text=&#8221;PREGLED USLUGA MONTA\u017dNE GRADNJE I RENOVIRANJA&#8221; font_container=&#8221;tag:h1|font_size:35|text_align:left|color:%23FFFFFF&#8221; use_theme_fonts=&#8221;yes&#8221; css_animation=&#8221;fadeInDown&#8221; css=&#8221;&#8221;][\/vc_column][\/vc_row][vc_row gap=&#8221;30&#8243; css_animation=&#8221;fadeInUp&#8221;][vc_column width=&#8221;1\/3&#8243; css=&#8221;.vc_custom_1746865921970{padding-bottom: 150px !important;background-image: url(https:\/\/www.hartmannmontagebau.de\/wp-content\/uploads\/grafik_1.png?id=55) !important;background-position: 0 0 !important;background-repeat: no-repeat !important;}&#8221;][vc_custom_heading text=&#8221;MI SMO<br \/>\nSTRU\u010cNJACI ZA MONTA\u017dU&#8221; font_container=&#8221;tag:p|font_size:20px|text_align:left&#8221; use_theme_fonts=&#8221;yes&#8221; css=&#8221;.vc_custom_1750689315636{margin-bottom: 25px !important;}&#8221;][vc_custom_heading text=&#8221;DRVENA GRADNJA I<br \/>\nMONTA\u017dA MONTA\u017dNIH<br \/>\nKU\u0106A&#8221; use_theme_fonts=&#8221;yes&#8221; css=&#8221;&#8221;][\/vc_column][vc_column width=&#8221;1\/3&#8243; css=&#8221;.vc_custom_1746866608881{padding-bottom: 192px !important;background-image: url(https:\/\/www.hartmannmontagebau.de\/wp-content\/uploads\/grafik_1.png?id=55) !important;background-position: 0 0 !important;background-repeat: no-repeat !important;}&#8221;][vc_custom_heading text=&#8221;MI SMO<br \/>\nSPECIJALISTI ZA MONTA\u017dU&#8221; font_container=&#8221;tag:p|font_size:20px|text_align:left&#8221; use_theme_fonts=&#8221;yes&#8221; css=&#8221;.vc_custom_1750689400279{margin-bottom: 25px !important;}&#8221;][vc_custom_heading text=&#8221;MONTA\u017dA<br \/>\nFOTONAPONSKIH<br \/>\nSISTEMA&#8221; use_theme_fonts=&#8221;yes&#8221; css=&#8221;&#8221;][\/vc_column][vc_column width=&#8221;1\/3&#8243; css=&#8221;.vc_custom_1746866618296{padding-bottom: 192px !important;background-image: url(https:\/\/www.hartmannmontagebau.de\/wp-content\/uploads\/grafik_1.png?id=55) !important;background-position: 0 0 !important;background-repeat: no-repeat !important;}&#8221;][vc_custom_heading text=&#8221;MI SMO VA\u0160 PARTNER<br \/>\nZA VA\u0160U NEKRETNINU&#8221; font_container=&#8221;tag:p|font_size:20px|text_align:left&#8221; use_theme_fonts=&#8221;yes&#8221; css=&#8221;.vc_custom_1750689421546{margin-bottom: 25px !important;}&#8221;][vc_custom_heading text=&#8221;RENOVIRANJE<br \/>\nNEKRETNINA&#8221; use_theme_fonts=&#8221;yes&#8221; css=&#8221;&#8221;][\/vc_column][\/vc_row][\/vc_section][vc_row full_width=&#8221;stretch_row&#8221; css_animation=&#8221;fadeInDown&#8221; css=&#8221;.vc_custom_1752586969699{background-position: 0 0 !important;background-repeat: no-repeat !important;}&#8221;][vc_column width=&#8221;2\/3&#8243;][vc_custom_heading text=&#8221;TEAM&#8221; use_theme_fonts=&#8221;yes&#8221; css=&#8221;.vc_custom_1745494381934{margin-bottom: 0px !important;}&#8221; el_class=&#8221;black-bg-text&#8221;][vc_empty_space height=&#8221;0px&#8221;][vc_custom_heading text=&#8221;HARTMANN&#8221; use_theme_fonts=&#8221;yes&#8221; css=&#8221;.vc_custom_1745495355879{margin-bottom: 25px !important;}&#8221; el_class=&#8221;black-bg-text&#8221;][vc_column_text css=&#8221;.vc_custom_1750689450358{margin-bottom: 60px !important;}&#8221;]Mi smo va\u0161i stru\u010dnjaci za monta\u017eu za komercijalne i privatne klijente. Stojimo za kvalitet, pouzdanost i odr\u017eiva re\u0161enja koja va\u0161e gra\u0111evinske Ili renovacione projekte realizuju efikasno i profesionalno.[\/vc_column_text][\/vc_column][vc_column width=&#8221;1\/3&#8243; css=&#8221;.vc_custom_1747249259269{background-position: 0 0 !important;background-repeat: no-repeat !important;}&#8221;][\/vc_column][\/vc_row][vc_row css_animation=&#8221;fadeInDown&#8221; css=&#8221;.vc_custom_1752582587272{margin-bottom: 10px !important;}&#8221;][vc_column][vc_custom_heading text=&#8221;NA\u0160 PREGLED USLUGA&#8221; font_container=&#8221;tag:h3|text_align:left&#8221; use_theme_fonts=&#8221;yes&#8221; css=&#8221;&#8221; el_class=&#8221;black-bg-text&#8221;][\/vc_column][\/vc_row][vc_row css_animation=&#8221;fadeInDown&#8221; css=&#8221;.vc_custom_1752582601888{margin-bottom: 30px !important;}&#8221;][vc_column width=&#8221;1\/2&#8243;][vc_column_text css=&#8221;&#8221;]<strong>MONTA\u017dNA GRADNJA \u2013<br \/>\nDRVENA GRADNJA &amp; MONTA\u017dNE KU\u0106E<\/strong><\/p>\n<p>Stru\u010dna monta\u017ea za privatne i poslovne klijente[\/vc_column_text][vc_column_text css=&#8221;&#8221;]<strong>FOTONAPONSKI SISTEMI &amp;<br \/>\nSKLADI\u0160TENJE ELEKTRI\u010cNE ENERGIJE<\/strong><\/p>\n<p>Odr\u017eiva energetska re\u0161enja za ve\u0107u nezavisnost[\/vc_column_text][vc_column_text css=&#8221;&#8221;]<strong>SUVA GRADNJA &amp; ENTERIJERSKI RADOVI<\/strong><\/p>\n<p>Funkcionalni i moderni prostorni koncepti[\/vc_column_text][\/vc_column][vc_column width=&#8221;1\/2&#8243;][vc_column_text css=&#8221;&#8221;]<strong>TESARSKI ZANAT<\/strong><\/p>\n<p>Visokokvalitetna drvena re\u0161enja po meri[\/vc_column_text][vc_column_text css=&#8221;&#8221;]<strong>SAVJETOVANJE O SUBVENCIJAMA<\/strong><\/p>\n<p>Podr\u0161ka pri apliciranju za subvencije[\/vc_column_text]<style type=\"text\/css\" data-type=\"the7_shortcodes-inline-css\">#default-btn-0f069e51e2fa0b91ca59fb1c7d6a44b2.ico-right-side > i {\n  margin-right: 0px;\n  margin-left: 8px;\n}\n#default-btn-0f069e51e2fa0b91ca59fb1c7d6a44b2 > i {\n  margin-right: 8px;\n}\n<\/style><a href=\"https:\/\/www.hartmannmontagebau.de\/hr\/usluge\/\" class=\"default-btn-shortcode dt-btn dt-btn-m link-hover-off btn-inline-left \" id=\"default-btn-0f069e51e2fa0b91ca59fb1c7d6a44b2\" title=\"USLUGE\"><span>NA\u0160E USLUGE<\/span><\/a>[\/vc_column][\/vc_row][vc_row full_width=&#8221;stretch_row_content&#8221; gap=&#8221;15&#8243; css_animation=&#8221;fadeInUp&#8221;][vc_column width=&#8221;1\/2&#8243; css=&#8221;.vc_custom_1752587010634{padding-top: 140px !important;padding-bottom: 140px !important;background: #A7A7A7 url(https:\/\/www.hartmannmontagebau.de\/wp-content\/uploads\/bg-black-left.png?id=125) !important;background-position: 0 0 !important;background-repeat: no-repeat !important;}&#8221;][vc_custom_heading text=&#8221;RADUJEMO SE&#8221; font_container=&#8221;tag:h3|text_align:left&#8221; use_theme_fonts=&#8221;yes&#8221; css=&#8221;.vc_custom_1750689581950{margin-bottom: 0px !important;}&#8221; el_class=&#8221;black-bg-text padding-left20&#8243; link=&#8221;url:https%3A%2F%2Fwww.hartmannmontagebau.de%2Fhr%2Fkontakt%2F|title:Kontakt&#8221;][vc_empty_space height=&#8221;0px&#8221;][vc_custom_heading text=&#8221;VA\u0160EM UPITU&#8221; font_container=&#8221;tag:h3|text_align:left&#8221; use_theme_fonts=&#8221;yes&#8221; css=&#8221;.vc_custom_1750689575414{margin-bottom: 0px !important;}&#8221; el_class=&#8221;black-bg-text padding-left20&#8243; link=&#8221;url:https%3A%2F%2Fwww.hartmannmontagebau.de%2Fhr%2Fkontakt%2F|title:Kontakt&#8221;][\/vc_column][vc_column width=&#8221;1\/2&#8243; css=&#8221;.vc_custom_1747248709286{padding-top: 140px !important;padding-bottom: 140px !important;background: #A7A7A7 url(https:\/\/www.hartmannmontagebau.de\/wp-content\/uploads\/bg-black-left.png?id=124) !important;background-position: 0 0 !important;background-repeat: no-repeat !important;}&#8221;][vc_custom_heading text=&#8221;PRIJAVI&#8221; font_container=&#8221;tag:h3|text_align:left&#8221; use_theme_fonts=&#8221;yes&#8221; css=&#8221;.vc_custom_1750689589576{margin-bottom: 0px !important;}&#8221; el_class=&#8221;black-bg-text padding-left20&#8243; link=&#8221;url:https%3A%2F%2Fwww.hartmannmontagebau.de%2Fkarriere%2F|title:Karriere&#8221;][vc_empty_space height=&#8221;0px&#8221;][vc_custom_heading text=&#8221;SE U TIM&#8221; font_container=&#8221;tag:h3|text_align:left&#8221; use_theme_fonts=&#8221;yes&#8221; css=&#8221;.vc_custom_1750689594082{margin-bottom: 0px !important;}&#8221; el_class=&#8221;black-bg-text padding-left20&#8243; link=&#8221;url:https%3A%2F%2Fwww.hartmannmontagebau.de%2Fkarriere%2F|title:Karriere&#8221;][\/vc_column][\/vc_row]<\/p>\n<\/div>","protected":false},"excerpt":{"rendered":"<p>[vc_section full_width=&#8221;stretch_row&#8221; css=&#8221;.vc_custom_1746875288789{margin-bottom: 70px !important;padding-top: 50px !important;padding-bottom: 50px !important;background: #000000 url(https:\/\/www.hartmannmontagebau.de\/wp-content\/uploads\/bg-white-box.png?id=95) !important;background-position: 0 0 !important;background-repeat: no-repeat !important;}&#8221;][vc_row css=&#8221;.vc_custom_1745494865601{margin-bottom: 25px !important;}&#8221;][vc_column][vc_custom_heading text=&#8221;PREGLED USLUGA MONTA\u017dNE GRADNJE I RENOVIRANJA&#8221; font_container=&#8221;tag:h1|font_size:35|text_align:left|color:%23FFFFFF&#8221; use_theme_fonts=&#8221;yes&#8221; css_animation=&#8221;fadeInDown&#8221; css=&#8221;&#8221;][\/vc_column][\/vc_row][vc_row gap=&#8221;30&#8243; css_animation=&#8221;fadeInUp&#8221;][vc_column width=&#8221;1\/3&#8243; css=&#8221;.vc_custom_1746865921970{padding-bottom: 150px !important;background-image: url(https:\/\/www.hartmannmontagebau.de\/wp-content\/uploads\/grafik_1.png?id=55) !important;background-position: 0 0 !important;background-repeat: no-repeat !important;}&#8221;][vc_custom_heading text=&#8221;MI SMO STRU\u010cNJACI ZA MONTA\u017dU&#8221; font_container=&#8221;tag:p|font_size:20px|text_align:left&#8221; use_theme_fonts=&#8221;yes&#8221; css=&#8221;.vc_custom_1750689315636{margin-bottom: 25px !important;}&#8221;][vc_custom_heading text=&#8221;DRVENA GRADNJA&hellip;<\/p>\n","protected":false},"author":1,"featured_media":0,"parent":0,"menu_order":0,"comment_status":"closed","ping_status":"closed","template":"","meta":{"footnotes":""},"class_list":["post-248","page","type-page","status-publish","hentry","description-off"],"yoast_head":"<!-- This site is optimized with the Yoast SEO plugin v27.4 - https:\/\/yoast.com\/product\/yoast-seo-wordpress\/ -->\n<title>TEAM HARTMANN \u2013 Monta\u017ea ku\u0107a i gradnja Altshausen<\/title>\n<meta name=\"description\" content=\"Monta\u017ea ku\u0107a, solarnih sistema i elemenata \u2013 TEAM HARTMANN iz Altshausena je partner za projekte u BW-u, na Albi i u oblasti Bodenskog jezera.\" \/>\n<meta name=\"robots\" content=\"noindex, follow, max-snippet:-1, max-image-preview:large, max-video-preview:-1\" \/>\n<meta property=\"og:locale\" content=\"hr_HR\" \/>\n<meta property=\"og:type\" content=\"article\" \/>\n<meta property=\"og:title\" content=\"TEAM HARTMANN \u2013 Monta\u017ea ku\u0107a i gradnja Altshausen\" \/>\n<meta property=\"og:description\" content=\"Monta\u017ea ku\u0107a, solarnih sistema i elemenata \u2013 TEAM HARTMANN iz Altshausena je partner za projekte u BW-u, na Albi i u oblasti Bodenskog jezera.\" \/>\n<meta property=\"og:url\" content=\"https:\/\/www.hartmannmontagebau.de\/hr\/\" \/>\n<meta property=\"og:site_name\" content=\"TEAM HARTMANN &ndash; Die Montagebau Profis aus Altshausen\" \/>\n<meta property=\"article:modified_time\" content=\"2025-07-15T13:44:07+00:00\" \/>\n<meta name=\"twitter:card\" content=\"summary_large_image\" \/>\n<meta name=\"twitter:label1\" content=\"Procijenjeno vrijeme \u010ditanja\" \/>\n\t<meta name=\"twitter:data1\" content=\"2 minute\" \/>\n<script type=\"application\/ld+json\" class=\"yoast-schema-graph\">{\"@context\":\"https:\\\/\\\/schema.org\",\"@graph\":[{\"@type\":\"WebPage\",\"@id\":\"https:\\\/\\\/www.hartmannmontagebau.de\\\/hr\\\/\",\"url\":\"https:\\\/\\\/www.hartmannmontagebau.de\\\/hr\\\/\",\"name\":\"TEAM HARTMANN \u2013 Monta\u017ea ku\u0107a i gradnja Altshausen\",\"isPartOf\":{\"@id\":\"https:\\\/\\\/www.hartmannmontagebau.de\\\/#website\"},\"datePublished\":\"2025-06-23T14:33:08+00:00\",\"dateModified\":\"2025-07-15T13:44:07+00:00\",\"description\":\"Monta\u017ea ku\u0107a, solarnih sistema i elemenata \u2013 TEAM HARTMANN iz Altshausena je partner za projekte u BW-u, na Albi i u oblasti Bodenskog jezera.\",\"breadcrumb\":{\"@id\":\"https:\\\/\\\/www.hartmannmontagebau.de\\\/hr\\\/#breadcrumb\"},\"inLanguage\":\"hr\",\"potentialAction\":[{\"@type\":\"ReadAction\",\"target\":[\"https:\\\/\\\/www.hartmannmontagebau.de\\\/hr\\\/\"]}]},{\"@type\":\"BreadcrumbList\",\"@id\":\"https:\\\/\\\/www.hartmannmontagebau.de\\\/hr\\\/#breadcrumb\",\"itemListElement\":[{\"@type\":\"ListItem\",\"position\":1,\"name\":\"Startseite\",\"item\":\"https:\\\/\\\/www.hartmannmontagebau.de\\\/hr\\\/\"},{\"@type\":\"ListItem\",\"position\":2,\"name\":\"Home\"}]},{\"@type\":\"WebSite\",\"@id\":\"https:\\\/\\\/www.hartmannmontagebau.de\\\/#website\",\"url\":\"https:\\\/\\\/www.hartmannmontagebau.de\\\/\",\"name\":\"TEAM HARTMANN \u2013 Montagebau, Fertighausmontage und PV\",\"description\":\"Montage von Fertigh&auml;usern, PV-Anlagen und Bauelementen\",\"publisher\":{\"@id\":\"https:\\\/\\\/www.hartmannmontagebau.de\\\/#organization\"},\"potentialAction\":[{\"@type\":\"SearchAction\",\"target\":{\"@type\":\"EntryPoint\",\"urlTemplate\":\"https:\\\/\\\/www.hartmannmontagebau.de\\\/?s={search_term_string}\"},\"query-input\":{\"@type\":\"PropertyValueSpecification\",\"valueRequired\":true,\"valueName\":\"search_term_string\"}}],\"inLanguage\":\"hr\"},{\"@type\":\"Organization\",\"@id\":\"https:\\\/\\\/www.hartmannmontagebau.de\\\/#organization\",\"name\":\"TEAM HARTMANN\",\"url\":\"https:\\\/\\\/www.hartmannmontagebau.de\\\/\",\"logo\":{\"@type\":\"ImageObject\",\"inLanguage\":\"hr\",\"@id\":\"https:\\\/\\\/www.hartmannmontagebau.de\\\/#\\\/schema\\\/logo\\\/image\\\/\",\"url\":\"https:\\\/\\\/www.hartmannmontagebau.de\\\/wp-content\\\/uploads\\\/logo_hartmann33px.png\",\"contentUrl\":\"https:\\\/\\\/www.hartmannmontagebau.de\\\/wp-content\\\/uploads\\\/logo_hartmann33px.png\",\"width\":127,\"height\":38,\"caption\":\"TEAM HARTMANN\"},\"image\":{\"@id\":\"https:\\\/\\\/www.hartmannmontagebau.de\\\/#\\\/schema\\\/logo\\\/image\\\/\"},\"sameAs\":[\"https:\\\/\\\/www.instagram.com\\\/montagebau_hartmann_\\\/\"]}]}<\/script>\n<!-- \/ Yoast SEO plugin. -->","yoast_head_json":{"title":"TEAM HARTMANN \u2013 Monta\u017ea ku\u0107a i gradnja Altshausen","description":"Monta\u017ea ku\u0107a, solarnih sistema i elemenata \u2013 TEAM HARTMANN iz Altshausena je partner za projekte u BW-u, na Albi i u oblasti Bodenskog jezera.","robots":{"index":"noindex","follow":"follow","max-snippet":"max-snippet:-1","max-image-preview":"max-image-preview:large","max-video-preview":"max-video-preview:-1"},"og_locale":"hr_HR","og_type":"article","og_title":"TEAM HARTMANN \u2013 Monta\u017ea ku\u0107a i gradnja Altshausen","og_description":"Monta\u017ea ku\u0107a, solarnih sistema i elemenata \u2013 TEAM HARTMANN iz Altshausena je partner za projekte u BW-u, na Albi i u oblasti Bodenskog jezera.","og_url":"https:\/\/www.hartmannmontagebau.de\/hr\/","og_site_name":"TEAM HARTMANN &ndash; Die Montagebau Profis aus Altshausen","article_modified_time":"2025-07-15T13:44:07+00:00","twitter_card":"summary_large_image","twitter_misc":{"Procijenjeno vrijeme \u010ditanja":"2 minute"},"schema":{"@context":"https:\/\/schema.org","@graph":[{"@type":"WebPage","@id":"https:\/\/www.hartmannmontagebau.de\/hr\/","url":"https:\/\/www.hartmannmontagebau.de\/hr\/","name":"TEAM HARTMANN \u2013 Monta\u017ea ku\u0107a i gradnja Altshausen","isPartOf":{"@id":"https:\/\/www.hartmannmontagebau.de\/#website"},"datePublished":"2025-06-23T14:33:08+00:00","dateModified":"2025-07-15T13:44:07+00:00","description":"Monta\u017ea ku\u0107a, solarnih sistema i elemenata \u2013 TEAM HARTMANN iz Altshausena je partner za projekte u BW-u, na Albi i u oblasti Bodenskog jezera.","breadcrumb":{"@id":"https:\/\/www.hartmannmontagebau.de\/hr\/#breadcrumb"},"inLanguage":"hr","potentialAction":[{"@type":"ReadAction","target":["https:\/\/www.hartmannmontagebau.de\/hr\/"]}]},{"@type":"BreadcrumbList","@id":"https:\/\/www.hartmannmontagebau.de\/hr\/#breadcrumb","itemListElement":[{"@type":"ListItem","position":1,"name":"Startseite","item":"https:\/\/www.hartmannmontagebau.de\/hr\/"},{"@type":"ListItem","position":2,"name":"Home"}]},{"@type":"WebSite","@id":"https:\/\/www.hartmannmontagebau.de\/#website","url":"https:\/\/www.hartmannmontagebau.de\/","name":"TEAM HARTMANN \u2013 Montagebau, Fertighausmontage und PV","description":"Montage von Fertigh&auml;usern, PV-Anlagen und Bauelementen","publisher":{"@id":"https:\/\/www.hartmannmontagebau.de\/#organization"},"potentialAction":[{"@type":"SearchAction","target":{"@type":"EntryPoint","urlTemplate":"https:\/\/www.hartmannmontagebau.de\/?s={search_term_string}"},"query-input":{"@type":"PropertyValueSpecification","valueRequired":true,"valueName":"search_term_string"}}],"inLanguage":"hr"},{"@type":"Organization","@id":"https:\/\/www.hartmannmontagebau.de\/#organization","name":"TEAM HARTMANN","url":"https:\/\/www.hartmannmontagebau.de\/","logo":{"@type":"ImageObject","inLanguage":"hr","@id":"https:\/\/www.hartmannmontagebau.de\/#\/schema\/logo\/image\/","url":"https:\/\/www.hartmannmontagebau.de\/wp-content\/uploads\/logo_hartmann33px.png","contentUrl":"https:\/\/www.hartmannmontagebau.de\/wp-content\/uploads\/logo_hartmann33px.png","width":127,"height":38,"caption":"TEAM HARTMANN"},"image":{"@id":"https:\/\/www.hartmannmontagebau.de\/#\/schema\/logo\/image\/"},"sameAs":["https:\/\/www.instagram.com\/montagebau_hartmann_\/"]}]}},"_links":{"self":[{"href":"https:\/\/www.hartmannmontagebau.de\/hr\/wp-json\/wp\/v2\/pages\/248","targetHints":{"allow":["GET"]}}],"collection":[{"href":"https:\/\/www.hartmannmontagebau.de\/hr\/wp-json\/wp\/v2\/pages"}],"about":[{"href":"https:\/\/www.hartmannmontagebau.de\/hr\/wp-json\/wp\/v2\/types\/page"}],"author":[{"embeddable":true,"href":"https:\/\/www.hartmannmontagebau.de\/hr\/wp-json\/wp\/v2\/users\/1"}],"replies":[{"embeddable":true,"href":"https:\/\/www.hartmannmontagebau.de\/hr\/wp-json\/wp\/v2\/comments?post=248"}],"version-history":[{"count":6,"href":"https:\/\/www.hartmannmontagebau.de\/hr\/wp-json\/wp\/v2\/pages\/248\/revisions"}],"predecessor-version":[{"id":333,"href":"https:\/\/www.hartmannmontagebau.de\/hr\/wp-json\/wp\/v2\/pages\/248\/revisions\/333"}],"wp:attachment":[{"href":"https:\/\/www.hartmannmontagebau.de\/hr\/wp-json\/wp\/v2\/media?parent=248"}],"curies":[{"name":"wp","href":"https:\/\/api.w.org\/{rel}","templated":true}]}}