{"id":239,"date":"2025-04-24T12:13:16","date_gmt":"2025-04-24T12:13:16","guid":{"rendered":"https:\/\/www.hartmannmontagebau.de\/unternehmen\/"},"modified":"2025-07-16T09:45:50","modified_gmt":"2025-07-16T09:45:50","slug":"preduzece","status":"publish","type":"page","link":"https:\/\/www.hartmannmontagebau.de\/hr\/preduzece\/","title":{"rendered":"PREDUZE\u0106E"},"content":{"rendered":"<div class=\"wpb-content-wrapper\"><p>[vc_section full_width=&#8221;stretch_row&#8221; css=&#8221;.vc_custom_1752586753402{padding-top: 100px !important;padding-bottom: 100px !important;background-color: #FFD905 !important;background-position: 0 0 !important;background-repeat: no-repeat !important;}&#8221;][vc_row css_animation=&#8221;fadeInDown&#8221;][vc_column][\/vc_column][vc_column][vc_custom_heading text=&#8221;ISKUSTVO I &#8221; use_theme_fonts=&#8221;yes&#8221; css=&#8221;.vc_custom_1752658182029{margin-bottom: 0px !important;}&#8221; el_class=&#8221;black-bg-text&#8221;][vc_empty_space height=&#8221;0px&#8221;][vc_custom_heading text=&#8221;STRU\u010cNOST&#8221; use_theme_fonts=&#8221;yes&#8221; css=&#8221;.vc_custom_1752658190362{margin-bottom: 30px !important;}&#8221; el_class=&#8221;black-bg-text&#8221;][vc_column_text css=&#8221;.vc_custom_1752658221672{margin-bottom: 70px !important;}&#8221;]Sa dugogodi\u0161njim iskustvom u oblasti monta\u017ene gradnje zala\u017eemo se za najvi\u0161i kvalitet i profesionalnu izvedbu. Na\u0161a stru\u010dnost obuhvata industrijsku proizvodnju kao i individualna specijalna re\u0161enja za gra\u0111evinske projekte svih veli\u010dina.[\/vc_column_text][\/vc_column][\/vc_row][vc_row content_placement=&#8221;middle&#8221; css_animation=&#8221;fadeInUp&#8221;][vc_column width=&#8221;1\/4&#8243;][vc_custom_heading text=&#8221;NA\u0160 TIM U&#8221; font_container=&#8221;tag:h3|text_align:left&#8221; use_theme_fonts=&#8221;yes&#8221; css=&#8221;.vc_custom_1752658248318{margin-bottom: 0px !important;}&#8221; el_class=&#8221;black-bg-text&#8221;][vc_empty_space height=&#8221;0px&#8221;][vc_custom_heading text=&#8221;BROJKAMA&#8221; font_container=&#8221;tag:h3|text_align:left&#8221; use_theme_fonts=&#8221;yes&#8221; css=&#8221;.vc_custom_1752658264714{margin-bottom: 30px !important;}&#8221; el_class=&#8221;black-bg-text&#8221;][\/vc_column][vc_column width=&#8221;1\/4&#8243;][vc_custom_heading text=&#8221;100 KU\u0106A<br \/>\nGODI\u0160NJE&#8221; font_container=&#8221;tag:h3|font_size:35|text_align:left&#8221; use_theme_fonts=&#8221;yes&#8221; css=&#8221;.vc_custom_1752658287938{margin-bottom: 20px !important;}&#8221;][\/vc_column][vc_column width=&#8221;1\/4&#8243;][vc_custom_heading text=&#8221;250 PV <\/br><br \/>\nSISTEMA&#8221; font_container=&#8221;tag:h3|font_size:35|text_align:left&#8221; use_theme_fonts=&#8221;yes&#8221; css=&#8221;.vc_custom_1752658336205{margin-bottom: 20px !important;}&#8221;][\/vc_column][vc_column width=&#8221;1\/4&#8243;][vc_custom_heading text=&#8221;40 \u010cLANOVA <\/br>TIMA&#8221; font_container=&#8221;tag:h3|font_size:35|text_align:left&#8221; use_theme_fonts=&#8221;yes&#8221; css=&#8221;&#8221;][\/vc_column][\/vc_row][\/vc_section][vc_row full_width=&#8221;stretch_row&#8221; full_height=&#8221;yes&#8221; css_animation=&#8221;fadeIn&#8221; css=&#8221;.vc_custom_1752592929596{padding-top: 200px !important;padding-bottom: 200px !important;background: #000000 url(https:\/\/www.hartmannmontagebau.de\/wp-content\/uploads\/bg-white-box.png?id=95) !important;background-position: 0 0 !important;background-repeat: no-repeat !important;}&#8221;][vc_column][vc_custom_heading text=&#8221;POUZDANOST I &#8221; font_container=&#8221;tag:h2|text_align:left|color:%23000000&#8243; use_theme_fonts=&#8221;yes&#8221; css_animation=&#8221;none&#8221; css=&#8221;.vc_custom_1752658431741{margin-bottom: 0px !important;}&#8221; el_class=&#8221;yellow-bg-text&#8221;][vc_empty_space height=&#8221;0px&#8221;][vc_custom_heading text=&#8221;PRECIZNOST&#8221; use_theme_fonts=&#8221;yes&#8221; css_animation=&#8221;none&#8221; css=&#8221;.vc_custom_1752658439223{margin-bottom: 35px !important;}&#8221; el_class=&#8221;yellow-bg-text&#8221;][vc_column_text css_animation=&#8221;fadeInDown&#8221; css=&#8221;&#8221; el_class=&#8221;text-white&#8221;]Oslanjamo se na pa\u017eljivo planiranje, preciznu realizaciju i zavr\u0161etak u dogovorenom roku. Na\u0161 tim kvalifikovanih stru\u010dnjaka koristi najsavremeniju tehnologiju kako bi postigao najbolje mogu\u0107e rezultate.[\/vc_column_text][vc_row_inner][vc_column_inner width=&#8221;1\/2&#8243;][vc_single_image image=&#8221;434&#8243; img_size=&#8221;large&#8221; css=&#8221;&#8221;]<style type=\"text\/css\" data-type=\"the7_shortcodes-inline-css\">#default-btn-6fa329c04160eaa1cb3d71c07ff54a08.ico-right-side > i {\n  margin-right: 0px;\n  margin-left: 8px;\n}\n#default-btn-6fa329c04160eaa1cb3d71c07ff54a08 > i {\n  margin-right: 8px;\n}\n<\/style><a href=\"https:\/\/www.hartmannmontagebau.de\/hr\/usluge\/\" class=\"default-btn-shortcode dt-btn dt-btn-m link-hover-off btn-inline-left  vc_custom_1752658583084\" id=\"default-btn-6fa329c04160eaa1cb3d71c07ff54a08\" title=\"Leistungen\"><span>NA\u0160E USLUGE<\/span><\/a>[\/vc_column_inner][vc_column_inner width=&#8221;1\/2&#8243;][vc_single_image image=&#8221;462&#8243; img_size=&#8221;large&#8221; css=&#8221;&#8221;][\/vc_column_inner][\/vc_row_inner][\/vc_column][\/vc_row][vc_row full_width=&#8221;stretch_row&#8221; full_height=&#8221;yes&#8221; content_placement=&#8221;middle&#8221; css_animation=&#8221;fadeIn&#8221; css=&#8221;.vc_custom_1752593025733{background-color: #FFD904 !important;background-position: 0 0 !important;background-repeat: no-repeat !important;}&#8221;][vc_column][vc_custom_heading text=&#8221;RE\u0160ENJA ZA SVAKI &#8221; font_container=&#8221;tag:h2|text_align:left|color:%23FFFFFF&#8221; use_theme_fonts=&#8221;yes&#8221; css=&#8221;.vc_custom_1752658691218{margin-bottom: 0px !important;}&#8221; el_class=&#8221;black-bg-text&#8221;][vc_empty_space height=&#8221;0px&#8221;][vc_custom_heading text=&#8221;PROJEKAT&#8221; use_theme_fonts=&#8221;yes&#8221; css=&#8221;.vc_custom_1752658657315{margin-bottom: 35px !important;}&#8221; el_class=&#8221;black-bg-text&#8221;][vc_column_text css_animation=&#8221;fadeInDown&#8221; css=&#8221;&#8221;]Svaki gra\u0111evinski projekat ima svoje specifi\u010dne zahteve \u2013 zato nudimo prilago\u0111ena re\u0161enja koja su ta\u010dno uskla\u0111ena sa potrebama na\u0161ih klijenata. Bilo da se radi o novogradnji, rekonstrukciji ili sanaciji \u2013 realizujemo va\u0161e ideje sa maksimalnom efikasno\u0161\u0107u.[\/vc_column_text][vc_row_inner][vc_column_inner width=&#8221;1\/2&#8243;][vc_single_image image=&#8221;464&#8243; img_size=&#8221;full&#8221; css=&#8221;&#8221; image_hovers=&#8221;false&#8221;][\/vc_column_inner][vc_column_inner width=&#8221;1\/2&#8243;][vc_single_image image=&#8221;440&#8243; img_size=&#8221;large&#8221; css=&#8221;&#8221;][\/vc_column_inner][\/vc_row_inner][\/vc_column][\/vc_row][vc_row full_width=&#8221;stretch_row&#8221; full_height=&#8221;yes&#8221; content_placement=&#8221;middle&#8221; css_animation=&#8221;fadeIn&#8221; css=&#8221;.vc_custom_1752593054239{background: #000000 url(https:\/\/www.hartmannmontagebau.de\/wp-content\/uploads\/bg-white-box.png?id=95) !important;background-position: 0 0 !important;background-repeat: no-repeat !important;}&#8221;][vc_column][vc_custom_heading text=&#8221;ODR\u017dIVOST I&#8221; font_container=&#8221;tag:h2|text_align:left|color:%23000000&#8243; use_theme_fonts=&#8221;yes&#8221; css=&#8221;.vc_custom_1752658749222{margin-bottom: 0px !important;}&#8221; el_class=&#8221;yellow-bg-text&#8221;][vc_empty_space height=&#8221;0px&#8221;][vc_custom_heading text=&#8221;ODGOVORNOST&#8221; use_theme_fonts=&#8221;yes&#8221; css=&#8221;.vc_custom_1752658759452{margin-bottom: 35px !important;}&#8221; el_class=&#8221;yellow-bg-text&#8221;][vc_column_text css_animation=&#8221;fadeInDown&#8221; css=&#8221;&#8221; el_class=&#8221;text-white&#8221;]Vrednujemo upotrebu materijala koji \u0161tede resurse i primenu odr\u017eivih gra\u0111evinskih metoda. Na\u0161i procesi su osmi\u0161ljeni tako da budu ekolo\u0161ki prihvatljivi i u skladu sa najvi\u0161im standardima bezbednosti.[\/vc_column_text][vc_row_inner][vc_column_inner width=&#8221;1\/2&#8243;][vc_single_image image=&#8221;444&#8243; img_size=&#8221;full&#8221; css=&#8221;&#8221; image_hovers=&#8221;false&#8221;][\/vc_column_inner][vc_column_inner width=&#8221;1\/2&#8243;][vc_single_image image=&#8221;442&#8243; img_size=&#8221;large&#8221; css=&#8221;&#8221;][\/vc_column_inner][\/vc_row_inner][\/vc_column][\/vc_row][vc_row full_width=&#8221;stretch_row&#8221; full_height=&#8221;yes&#8221; content_placement=&#8221;middle&#8221; css_animation=&#8221;fadeIn&#8221; css=&#8221;.vc_custom_1752593078302{background-color: #FFD904 !important;}&#8221;][vc_column][vc_custom_heading text=&#8221;ZADOVOLJSTVO KLIJENATA &#8221; font_container=&#8221;tag:h2|text_align:left|color:%23FFFFFF&#8221; use_theme_fonts=&#8221;yes&#8221; css=&#8221;.vc_custom_1752658820458{margin-bottom: 0px !important;}&#8221; el_class=&#8221;black-bg-text&#8221;][vc_empty_space height=&#8221;0px&#8221;][vc_custom_heading text=&#8221;KAO NAJVI\u0160I PRIORITET&#8221; use_theme_fonts=&#8221;yes&#8221; css=&#8221;.vc_custom_1752658831641{margin-bottom: 35px !important;}&#8221; el_class=&#8221;black-bg-text&#8221;][vc_column_text css_animation=&#8221;fadeInDown&#8221; css=&#8221;&#8221;]Na\u0161i klijenti su u centru svih na\u0161ih aktivnosti. Nudimo transparentnu komunikaciju, fer cene i vrhunsku uslugu \u2013 od prve konsultacije do kona\u010dne realizacije.[\/vc_column_text][vc_row_inner][vc_column_inner width=&#8221;1\/2&#8243;][vc_single_image image=&#8221;424&#8243; img_size=&#8221;full&#8221; css=&#8221;&#8221; image_hovers=&#8221;false&#8221;][\/vc_column_inner][vc_column_inner width=&#8221;1\/2&#8243;][\/vc_column_inner][\/vc_row_inner][\/vc_column][\/vc_row][vc_row full_width=&#8221;stretch_row_content&#8221; gap=&#8221;15&#8243; css_animation=&#8221;fadeInUp&#8221;][vc_column width=&#8221;1\/2&#8243; css=&#8221;.vc_custom_1746875176505{padding-top: 140px !important;padding-bottom: 140px !important;background: #A7A7A7 url(https:\/\/www.hartmannmontagebau.de\/wp-content\/uploads\/bg-white-box.png?id=95) !important;background-position: 0 0 !important;background-repeat: no-repeat !important;}&#8221;][vc_custom_heading text=&#8221;RADUJEMO SE&#8221; font_container=&#8221;tag:h3|text_align:left&#8221; use_theme_fonts=&#8221;yes&#8221; css=&#8221;.vc_custom_1752658882827{margin-bottom: 0px !important;}&#8221; el_class=&#8221;black-bg-text padding-left20&#8243; link=&#8221;url:https%3A%2F%2Fwww.hartmannmontagebau.de%2Fhr%2Fposaljite%2F|title:Kontakt|&#8221;][vc_empty_space height=&#8221;0px&#8221;][vc_custom_heading text=&#8221; VA\u0160EM UPITU&#8221; font_container=&#8221;tag:h3|text_align:left&#8221; use_theme_fonts=&#8221;yes&#8221; css=&#8221;.vc_custom_1752658891445{margin-bottom: 0px !important;}&#8221; el_class=&#8221;black-bg-text padding-left20&#8243; link=&#8221;url:https%3A%2F%2Fwww.hartmannmontagebau.de%2Fhr%2Fposaljite%2F|title:Kontakt|&#8221;][\/vc_column][vc_column width=&#8221;1\/2&#8243; css=&#8221;.vc_custom_1747248709286{padding-top: 140px !important;padding-bottom: 140px !important;background: #A7A7A7 url(https:\/\/www.hartmannmontagebau.de\/wp-content\/uploads\/bg-black-left.png?id=124) !important;background-position: 0 0 !important;background-repeat: no-repeat !important;}&#8221;][vc_custom_heading text=&#8221;PRIJAVI SE &#8221; font_container=&#8221;tag:h3|text_align:left&#8221; use_theme_fonts=&#8221;yes&#8221; css=&#8221;.vc_custom_1752658911831{margin-bottom: 0px !important;}&#8221; el_class=&#8221;black-bg-text padding-left20&#8243; link=&#8221;url:https%3A%2F%2Fwww.hartmannmontagebau.de%2Fhr%2Fkarijera%2F|title:Karriere|&#8221;][vc_empty_space height=&#8221;0px&#8221;][vc_custom_heading text=&#8221;NA\u0160EM TIMU&#8221; font_container=&#8221;tag:h3|text_align:left&#8221; use_theme_fonts=&#8221;yes&#8221; css=&#8221;.vc_custom_1752658923313{margin-bottom: 0px !important;}&#8221; el_class=&#8221;black-bg-text padding-left20&#8243; link=&#8221;url:https%3A%2F%2Fwww.hartmannmontagebau.de%2Fhr%2Fkarijera%2F|title:Karriere|&#8221;][\/vc_column][\/vc_row]<\/p>\n<\/div>","protected":false},"excerpt":{"rendered":"<p>[vc_section full_width=&#8221;stretch_row&#8221; css=&#8221;.vc_custom_1752586753402{padding-top: 100px !important;padding-bottom: 100px !important;background-color: #FFD905 !important;background-position: 0 0 !important;background-repeat: no-repeat !important;}&#8221;][vc_row css_animation=&#8221;fadeInDown&#8221;][vc_column][\/vc_column][vc_column][vc_custom_heading text=&#8221;ISKUSTVO I &#8221; use_theme_fonts=&#8221;yes&#8221; css=&#8221;.vc_custom_1752658182029{margin-bottom: 0px !important;}&#8221; el_class=&#8221;black-bg-text&#8221;][vc_empty_space height=&#8221;0px&#8221;][vc_custom_heading text=&#8221;STRU\u010cNOST&#8221; use_theme_fonts=&#8221;yes&#8221; css=&#8221;.vc_custom_1752658190362{margin-bottom: 30px !important;}&#8221; el_class=&#8221;black-bg-text&#8221;][vc_column_text css=&#8221;.vc_custom_1752658221672{margin-bottom: 70px !important;}&#8221;]Sa dugogodi\u0161njim iskustvom u oblasti monta\u017ene gradnje zala\u017eemo se za najvi\u0161i kvalitet i profesionalnu izvedbu. Na\u0161a stru\u010dnost obuhvata industrijsku proizvodnju kao i individualna&hellip;<\/p>\n","protected":false},"author":1,"featured_media":0,"parent":0,"menu_order":0,"comment_status":"closed","ping_status":"closed","template":"","meta":{"footnotes":""},"class_list":["post-239","page","type-page","status-publish","hentry","description-off"],"yoast_head":"<!-- This site is optimized with the Yoast SEO plugin v27.4 - https:\/\/yoast.com\/product\/yoast-seo-wordpress\/ -->\n<title>TEAM HARTMANN \u2013 Monta\u017ea ku\u0107a i gradnja u Altshausen<\/title>\n<meta name=\"description\" content=\"Monta\u017ea ku\u0107a, solarnih sistema i elemenata \u2013 TEAM HARTMANN iz Altshausena radi u BW, na Albi i oko Bodenskog jezera.\" \/>\n<meta name=\"robots\" content=\"noindex, follow, max-snippet:-1, max-image-preview:large, max-video-preview:-1\" \/>\n<meta property=\"og:locale\" content=\"hr_HR\" \/>\n<meta property=\"og:type\" content=\"article\" \/>\n<meta property=\"og:title\" content=\"TEAM HARTMANN \u2013 Monta\u017ea ku\u0107a i gradnja u Altshausen\" \/>\n<meta property=\"og:description\" content=\"Monta\u017ea ku\u0107a, solarnih sistema i elemenata \u2013 TEAM HARTMANN iz Altshausena radi u BW, na Albi i oko Bodenskog jezera.\" \/>\n<meta property=\"og:url\" content=\"https:\/\/www.hartmannmontagebau.de\/unternehmen\/\" \/>\n<meta property=\"og:site_name\" content=\"TEAM HARTMANN &ndash; Die Montagebau Profis aus Altshausen\" \/>\n<meta property=\"article:modified_time\" content=\"2025-07-16T09:45:50+00:00\" \/>\n<meta name=\"twitter:card\" content=\"summary_large_image\" \/>\n<meta name=\"twitter:label1\" content=\"Procijenjeno vrijeme \u010ditanja\" \/>\n\t<meta name=\"twitter:data1\" content=\"3 minute\" \/>\n<script type=\"application\/ld+json\" class=\"yoast-schema-graph\">{\"@context\":\"https:\\\/\\\/schema.org\",\"@graph\":[{\"@type\":\"WebPage\",\"@id\":\"https:\\\/\\\/www.hartmannmontagebau.de\\\/unternehmen\\\/\",\"url\":\"https:\\\/\\\/www.hartmannmontagebau.de\\\/unternehmen\\\/\",\"name\":\"TEAM HARTMANN \u2013 Monta\u017ea ku\u0107a i gradnja u Altshausen\",\"isPartOf\":{\"@id\":\"https:\\\/\\\/www.hartmannmontagebau.de\\\/#website\"},\"datePublished\":\"2025-04-24T12:13:16+00:00\",\"dateModified\":\"2025-07-16T09:45:50+00:00\",\"description\":\"Monta\u017ea ku\u0107a, solarnih sistema i elemenata \u2013 TEAM HARTMANN iz Altshausena radi u BW, na Albi i oko Bodenskog jezera.\",\"breadcrumb\":{\"@id\":\"https:\\\/\\\/www.hartmannmontagebau.de\\\/unternehmen\\\/#breadcrumb\"},\"inLanguage\":\"hr\",\"potentialAction\":[{\"@type\":\"ReadAction\",\"target\":[\"https:\\\/\\\/www.hartmannmontagebau.de\\\/unternehmen\\\/\"]}]},{\"@type\":\"BreadcrumbList\",\"@id\":\"https:\\\/\\\/www.hartmannmontagebau.de\\\/unternehmen\\\/#breadcrumb\",\"itemListElement\":[{\"@type\":\"ListItem\",\"position\":1,\"name\":\"Startseite\",\"item\":\"https:\\\/\\\/www.hartmannmontagebau.de\\\/hr\\\/\"},{\"@type\":\"ListItem\",\"position\":2,\"name\":\"PREDUZE\u0106E\"}]},{\"@type\":\"WebSite\",\"@id\":\"https:\\\/\\\/www.hartmannmontagebau.de\\\/#website\",\"url\":\"https:\\\/\\\/www.hartmannmontagebau.de\\\/\",\"name\":\"TEAM HARTMANN \u2013 Montagebau, Fertighausmontage und PV\",\"description\":\"Montage von Fertigh&auml;usern, PV-Anlagen und Bauelementen\",\"publisher\":{\"@id\":\"https:\\\/\\\/www.hartmannmontagebau.de\\\/#organization\"},\"potentialAction\":[{\"@type\":\"SearchAction\",\"target\":{\"@type\":\"EntryPoint\",\"urlTemplate\":\"https:\\\/\\\/www.hartmannmontagebau.de\\\/?s={search_term_string}\"},\"query-input\":{\"@type\":\"PropertyValueSpecification\",\"valueRequired\":true,\"valueName\":\"search_term_string\"}}],\"inLanguage\":\"hr\"},{\"@type\":\"Organization\",\"@id\":\"https:\\\/\\\/www.hartmannmontagebau.de\\\/#organization\",\"name\":\"TEAM HARTMANN\",\"url\":\"https:\\\/\\\/www.hartmannmontagebau.de\\\/\",\"logo\":{\"@type\":\"ImageObject\",\"inLanguage\":\"hr\",\"@id\":\"https:\\\/\\\/www.hartmannmontagebau.de\\\/#\\\/schema\\\/logo\\\/image\\\/\",\"url\":\"https:\\\/\\\/www.hartmannmontagebau.de\\\/wp-content\\\/uploads\\\/logo_hartmann33px.png\",\"contentUrl\":\"https:\\\/\\\/www.hartmannmontagebau.de\\\/wp-content\\\/uploads\\\/logo_hartmann33px.png\",\"width\":127,\"height\":38,\"caption\":\"TEAM HARTMANN\"},\"image\":{\"@id\":\"https:\\\/\\\/www.hartmannmontagebau.de\\\/#\\\/schema\\\/logo\\\/image\\\/\"},\"sameAs\":[\"https:\\\/\\\/www.instagram.com\\\/montagebau_hartmann_\\\/\"]}]}<\/script>\n<!-- \/ Yoast SEO plugin. -->","yoast_head_json":{"title":"TEAM HARTMANN \u2013 Monta\u017ea ku\u0107a i gradnja u Altshausen","description":"Monta\u017ea ku\u0107a, solarnih sistema i elemenata \u2013 TEAM HARTMANN iz Altshausena radi u BW, na Albi i oko Bodenskog jezera.","robots":{"index":"noindex","follow":"follow","max-snippet":"max-snippet:-1","max-image-preview":"max-image-preview:large","max-video-preview":"max-video-preview:-1"},"og_locale":"hr_HR","og_type":"article","og_title":"TEAM HARTMANN \u2013 Monta\u017ea ku\u0107a i gradnja u Altshausen","og_description":"Monta\u017ea ku\u0107a, solarnih sistema i elemenata \u2013 TEAM HARTMANN iz Altshausena radi u BW, na Albi i oko Bodenskog jezera.","og_url":"https:\/\/www.hartmannmontagebau.de\/unternehmen\/","og_site_name":"TEAM HARTMANN &ndash; Die Montagebau Profis aus Altshausen","article_modified_time":"2025-07-16T09:45:50+00:00","twitter_card":"summary_large_image","twitter_misc":{"Procijenjeno vrijeme \u010ditanja":"3 minute"},"schema":{"@context":"https:\/\/schema.org","@graph":[{"@type":"WebPage","@id":"https:\/\/www.hartmannmontagebau.de\/unternehmen\/","url":"https:\/\/www.hartmannmontagebau.de\/unternehmen\/","name":"TEAM HARTMANN \u2013 Monta\u017ea ku\u0107a i gradnja u Altshausen","isPartOf":{"@id":"https:\/\/www.hartmannmontagebau.de\/#website"},"datePublished":"2025-04-24T12:13:16+00:00","dateModified":"2025-07-16T09:45:50+00:00","description":"Monta\u017ea ku\u0107a, solarnih sistema i elemenata \u2013 TEAM HARTMANN iz Altshausena radi u BW, na Albi i oko Bodenskog jezera.","breadcrumb":{"@id":"https:\/\/www.hartmannmontagebau.de\/unternehmen\/#breadcrumb"},"inLanguage":"hr","potentialAction":[{"@type":"ReadAction","target":["https:\/\/www.hartmannmontagebau.de\/unternehmen\/"]}]},{"@type":"BreadcrumbList","@id":"https:\/\/www.hartmannmontagebau.de\/unternehmen\/#breadcrumb","itemListElement":[{"@type":"ListItem","position":1,"name":"Startseite","item":"https:\/\/www.hartmannmontagebau.de\/hr\/"},{"@type":"ListItem","position":2,"name":"PREDUZE\u0106E"}]},{"@type":"WebSite","@id":"https:\/\/www.hartmannmontagebau.de\/#website","url":"https:\/\/www.hartmannmontagebau.de\/","name":"TEAM HARTMANN \u2013 Montagebau, Fertighausmontage und PV","description":"Montage von Fertigh&auml;usern, PV-Anlagen und Bauelementen","publisher":{"@id":"https:\/\/www.hartmannmontagebau.de\/#organization"},"potentialAction":[{"@type":"SearchAction","target":{"@type":"EntryPoint","urlTemplate":"https:\/\/www.hartmannmontagebau.de\/?s={search_term_string}"},"query-input":{"@type":"PropertyValueSpecification","valueRequired":true,"valueName":"search_term_string"}}],"inLanguage":"hr"},{"@type":"Organization","@id":"https:\/\/www.hartmannmontagebau.de\/#organization","name":"TEAM HARTMANN","url":"https:\/\/www.hartmannmontagebau.de\/","logo":{"@type":"ImageObject","inLanguage":"hr","@id":"https:\/\/www.hartmannmontagebau.de\/#\/schema\/logo\/image\/","url":"https:\/\/www.hartmannmontagebau.de\/wp-content\/uploads\/logo_hartmann33px.png","contentUrl":"https:\/\/www.hartmannmontagebau.de\/wp-content\/uploads\/logo_hartmann33px.png","width":127,"height":38,"caption":"TEAM HARTMANN"},"image":{"@id":"https:\/\/www.hartmannmontagebau.de\/#\/schema\/logo\/image\/"},"sameAs":["https:\/\/www.instagram.com\/montagebau_hartmann_\/"]}]}},"_links":{"self":[{"href":"https:\/\/www.hartmannmontagebau.de\/hr\/wp-json\/wp\/v2\/pages\/239","targetHints":{"allow":["GET"]}}],"collection":[{"href":"https:\/\/www.hartmannmontagebau.de\/hr\/wp-json\/wp\/v2\/pages"}],"about":[{"href":"https:\/\/www.hartmannmontagebau.de\/hr\/wp-json\/wp\/v2\/types\/page"}],"author":[{"embeddable":true,"href":"https:\/\/www.hartmannmontagebau.de\/hr\/wp-json\/wp\/v2\/users\/1"}],"replies":[{"embeddable":true,"href":"https:\/\/www.hartmannmontagebau.de\/hr\/wp-json\/wp\/v2\/comments?post=239"}],"version-history":[{"count":24,"href":"https:\/\/www.hartmannmontagebau.de\/hr\/wp-json\/wp\/v2\/pages\/239\/revisions"}],"predecessor-version":[{"id":472,"href":"https:\/\/www.hartmannmontagebau.de\/hr\/wp-json\/wp\/v2\/pages\/239\/revisions\/472"}],"wp:attachment":[{"href":"https:\/\/www.hartmannmontagebau.de\/hr\/wp-json\/wp\/v2\/media?parent=239"}],"curies":[{"name":"wp","href":"https:\/\/api.w.org\/{rel}","templated":true}]}}