{"id":232,"date":"2025-05-10T09:37:59","date_gmt":"2025-05-10T09:37:59","guid":{"rendered":"https:\/\/www.hartmannmontagebau.de\/leistungen\/"},"modified":"2025-07-15T15:09:26","modified_gmt":"2025-07-15T15:09:26","slug":"usluge","status":"publish","type":"page","link":"https:\/\/www.hartmannmontagebau.de\/hr\/usluge\/","title":{"rendered":"USLUGE"},"content":{"rendered":"<div class=\"wpb-content-wrapper\"><p>[vc_section full_width=&#8221;stretch_row&#8221; css=&#8221;.vc_custom_1746873127684{margin-bottom: 50px !important;padding-top: 100px !important;padding-bottom: 50px !important;background: #000000 url(https:\/\/www.hartmannmontagebau.de\/wp-content\/uploads\/bg-white-box.png?id=95) !important;background-position: 0 0 !important;background-repeat: no-repeat !important;}&#8221;][vc_row css=&#8221;.vc_custom_1745494865601{margin-bottom: 25px !important;}&#8221;][vc_column][vc_custom_heading text=&#8221;NA\u0160E USLUGE \u2013 ZA POSLOVNE I PRIVATNE KLIJENTE&#8221; font_container=&#8221;tag:h3|text_align:left|color:%23FFFFFF&#8221; use_theme_fonts=&#8221;yes&#8221; css=&#8221;&#8221;][\/vc_column][\/vc_row][vc_row gap=&#8221;30&#8243;][vc_column width=&#8221;1\/3&#8243; css=&#8221;.vc_custom_1746872150907{padding-bottom: 170px !important;background-image: url(https:\/\/www.hartmannmontagebau.de\/wp-content\/uploads\/grafik_1.png?id=55) !important;background-position: 0 0 !important;background-repeat: no-repeat !important;}&#8221;][vc_custom_heading text=&#8221;MONTA\u017dNE<br \/>\nUSLUGE&#8221; use_theme_fonts=&#8221;yes&#8221; css=&#8221;.vc_custom_1750686873187{margin-bottom: 25px !important;}&#8221;][vc_custom_heading text=&#8221;Monta\u017ea monta\u017enih ku\u0107a<br \/>\nMonta\u017ea drvenih konstrukcija<br \/>\nMonta\u017ea fotonaponskih sistema&#8221; font_container=&#8221;tag:p|font_size:20px|text_align:left&#8221; use_theme_fonts=&#8221;yes&#8221; css=&#8221;&#8221;][\/vc_column][vc_column width=&#8221;1\/3&#8243; css=&#8221;.vc_custom_1746866608881{padding-bottom: 192px !important;background-image: url(https:\/\/www.hartmannmontagebau.de\/wp-content\/uploads\/grafik_1.png?id=55) !important;background-position: 0 0 !important;background-repeat: no-repeat !important;}&#8221;][vc_custom_heading text=&#8221;RENOVIRANJE<br \/>\nNEKRETNINA&#8221; use_theme_fonts=&#8221;yes&#8221; css=&#8221;.vc_custom_1750686887650{margin-bottom: 25px !important;}&#8221;][vc_custom_heading text=&#8221;Izolacija i renoviranje spoljnog zida<br \/>\nRenoviranje krovova<br \/>\nUnutra\u0161nja adaptacija&#8221; font_container=&#8221;tag:p|font_size:20px|text_align:left&#8221; use_theme_fonts=&#8221;yes&#8221; css=&#8221;&#8221;][\/vc_column][vc_column width=&#8221;1\/3&#8243; css=&#8221;.vc_custom_1746866618296{padding-bottom: 192px !important;background-image: url(https:\/\/www.hartmannmontagebau.de\/wp-content\/uploads\/grafik_1.png?id=55) !important;background-position: 0 0 !important;background-repeat: no-repeat !important;}&#8221;][vc_custom_heading text=&#8221;NA\u0160I POJEDINA\u010cNI<br \/>\nRADOVI&#8221; use_theme_fonts=&#8221;yes&#8221; css=&#8221;.vc_custom_1750686897153{margin-bottom: 25px !important;}&#8221;][vc_custom_heading text=&#8221;Farbarski radovi<br \/>\nSuva gradnja<br \/>\nTesarski radovi<br \/>\nGra\u0111evinski scaffold radovi&#8221; font_container=&#8221;tag:p|font_size:20px|text_align:left&#8221; use_theme_fonts=&#8221;yes&#8221; css=&#8221;&#8221;][\/vc_column][\/vc_row][\/vc_section][vc_row content_placement=&#8221;middle&#8221; css=&#8221;.vc_custom_1746872047333{margin-bottom: 10px !important;}&#8221;][vc_column width=&#8221;1\/4&#8243;][vc_custom_heading text=&#8221;NA\u0160 TIM U&#8221; font_container=&#8221;tag:h3|text_align:left&#8221; use_theme_fonts=&#8221;yes&#8221; css=&#8221;.vc_custom_1750686914251{margin-bottom: 0px !important;}&#8221; el_class=&#8221;black-bg-text&#8221;][vc_empty_space height=&#8221;0px&#8221;][vc_custom_heading text=&#8221;BROJKAMA&#8221; font_container=&#8221;tag:h3|text_align:left&#8221; use_theme_fonts=&#8221;yes&#8221; css=&#8221;.vc_custom_1750686919526{margin-bottom: 30px !important;}&#8221; el_class=&#8221;black-bg-text&#8221;][\/vc_column][vc_column width=&#8221;1\/4&#8243;][vc_custom_heading text=&#8221;100 KU\u0106A<br \/>\nGODI\u0160NJE&#8221; font_container=&#8221;tag:h3|text_align:left&#8221; use_theme_fonts=&#8221;yes&#8221; css=&#8221;.vc_custom_1750686925907{margin-bottom: 20px !important;}&#8221;][\/vc_column][vc_column width=&#8221;1\/4&#8243;][vc_custom_heading text=&#8221;250 INSTALACIJA GODI\u0160NJE&#8221; font_container=&#8221;tag:h3|text_align:left&#8221; use_theme_fonts=&#8221;yes&#8221; css=&#8221;.vc_custom_1752592155926{margin-bottom: 20px !important;}&#8221;][\/vc_column][vc_column width=&#8221;1\/4&#8243;][vc_custom_heading text=&#8221;40 ZAPOSLENIH<br \/>\n\u2013 JAK TIM&#8221; font_container=&#8221;tag:h3|text_align:left&#8221; use_theme_fonts=&#8221;yes&#8221; css=&#8221;&#8221;][\/vc_column][\/vc_row][vc_section full_width=&#8221;stretch_row&#8221; css=&#8221;.vc_custom_1747328167487{padding-top: 60px !important;padding-bottom: 130px !important;background: #FFD905 url(https:\/\/www.hartmannmontagebau.de\/wp-content\/uploads\/bg-black-left.png?id=124) !important;background-position: 0 0 !important;background-repeat: no-repeat !important;}&#8221;][vc_row css=&#8221;.vc_custom_1746870015286{margin-bottom: 30px !important;}&#8221;][vc_column][vc_custom_heading text=&#8221;NA\u0160E OBE\u0106ANJE<br \/>\nU POGLEDU USLUGA&#8221; use_theme_fonts=&#8221;yes&#8221; css=&#8221;&#8221;][\/vc_column][\/vc_row][vc_row][vc_column width=&#8221;2\/3&#8243;][vc_icon icon_fontawesome=&#8221;fas fa-check-square&#8221; color=&#8221;green&#8221; size=&#8221;lg&#8221; css=&#8221;.vc_custom_1746870126007{margin-bottom: 0px !important;}&#8221;][vc_column_text css=&#8221;&#8221;]Sa Hartmann Monta\u017enom gradnjom birate kvalitet, pouzdanost i inovaciju. Na\u0161a ekspertiza u oblastima monta\u017ene gradnje, fotonaponskih sistema, suve gradnje i tesarskog zanata \u010dini nas idealnim partnerom za va\u0161 gra\u0111evinski projekat.[\/vc_column_text][\/vc_column][vc_column width=&#8221;1\/3&#8243;][\/vc_column][\/vc_row][vc_row][vc_column width=&#8221;2\/3&#8243;][vc_icon icon_fontawesome=&#8221;fas fa-check-square&#8221; color=&#8221;green&#8221; size=&#8221;lg&#8221; css=&#8221;.vc_custom_1746870126007{margin-bottom: 0px !important;}&#8221;][vc_column_text css=&#8221;&#8221;]Na\u0161 tim se sastoji od kvalifikovanih stru\u010dnjaka s opse\u017enim iskustvom u monta\u017enoj gradnji monta\u017enih ku\u0107a i fotonaponskih sistema. Poznajemo izazove i nudimo re\u0161enja po meri.[\/vc_column_text][\/vc_column][vc_column width=&#8221;1\/3&#8243;][\/vc_column][\/vc_row][vc_row][vc_column width=&#8221;2\/3&#8243;][vc_icon icon_fontawesome=&#8221;fas fa-check-square&#8221; color=&#8221;green&#8221; size=&#8221;lg&#8221; css=&#8221;.vc_custom_1746870126007{margin-bottom: 0px !important;}&#8221;][vc_column_text css=&#8221;&#8221;]Va\u0161 projekat \u0107e biti realizovan na vreme i profesionalno. Dr\u017eimo se na\u0161ih obe\u0107anja i osiguravamo nesmetan tok radova bez nepotrebnih ka\u0161njenja.[\/vc_column_text][\/vc_column][vc_column width=&#8221;1\/3&#8243;][\/vc_column][\/vc_row][\/vc_section][vc_section full_width=&#8221;stretch_row&#8221; css=&#8221;.vc_custom_1746870454673{padding-top: 80px !important;padding-bottom: 80px !important;background-color: #000000 !important;}&#8221;][vc_row css=&#8221;.vc_custom_1746870824396{margin-bottom: 30px !important;}&#8221;][vc_column][vc_custom_heading text=&#8221;IZBOR NA\u0160IH&#8221; font_container=&#8221;tag:h2|text_align:left|color:%23000000&#8243; use_theme_fonts=&#8221;yes&#8221; css=&#8221;.vc_custom_1752587121285{margin-bottom: 0px !important;}&#8221; el_class=&#8221;yellow-bg-text&#8221;][vc_empty_space height=&#8221;0px&#8221;][vc_custom_heading text=&#8221;PROJEKATA&#8221; font_container=&#8221;tag:h2|text_align:left|color:%23000000&#8243; use_theme_fonts=&#8221;yes&#8221; css=&#8221;&#8221; el_class=&#8221;yellow-bg-text&#8221;][\/vc_column][\/vc_row][vc_row gap=&#8221;20&#8243;][vc_column][vc_media_grid gap=&#8221;35&#8243; css=&#8221;&#8221; grid_id=&#8221;vc_gid:1752592093834-da26d7a4e60d0eace5c854a706ea7ccb-0&#8243; include=&#8221;260,263,265,267,269&#8243;][\/vc_column][\/vc_row][\/vc_section]<\/p>\n<\/div>","protected":false},"excerpt":{"rendered":"<p>[vc_section full_width=&#8221;stretch_row&#8221; css=&#8221;.vc_custom_1746873127684{margin-bottom: 50px !important;padding-top: 100px !important;padding-bottom: 50px !important;background: #000000 url(https:\/\/www.hartmannmontagebau.de\/wp-content\/uploads\/bg-white-box.png?id=95) !important;background-position: 0 0 !important;background-repeat: no-repeat !important;}&#8221;][vc_row css=&#8221;.vc_custom_1745494865601{margin-bottom: 25px !important;}&#8221;][vc_column][vc_custom_heading text=&#8221;NA\u0160E USLUGE \u2013 ZA POSLOVNE I PRIVATNE KLIJENTE&#8221; font_container=&#8221;tag:h3|text_align:left|color:%23FFFFFF&#8221; use_theme_fonts=&#8221;yes&#8221; css=&#8221;&#8221;][\/vc_column][\/vc_row][vc_row gap=&#8221;30&#8243;][vc_column width=&#8221;1\/3&#8243; css=&#8221;.vc_custom_1746872150907{padding-bottom: 170px !important;background-image: url(https:\/\/www.hartmannmontagebau.de\/wp-content\/uploads\/grafik_1.png?id=55) !important;background-position: 0 0 !important;background-repeat: no-repeat !important;}&#8221;][vc_custom_heading text=&#8221;MONTA\u017dNE USLUGE&#8221; use_theme_fonts=&#8221;yes&#8221; css=&#8221;.vc_custom_1750686873187{margin-bottom: 25px !important;}&#8221;][vc_custom_heading text=&#8221;Monta\u017ea monta\u017enih ku\u0107a Monta\u017ea drvenih konstrukcija&hellip;<\/p>\n","protected":false},"author":1,"featured_media":0,"parent":0,"menu_order":0,"comment_status":"closed","ping_status":"closed","template":"","meta":{"footnotes":""},"class_list":["post-232","page","type-page","status-publish","hentry","description-off"],"yoast_head":"<!-- This site is optimized with the Yoast SEO plugin v27.4 - https:\/\/yoast.com\/product\/yoast-seo-wordpress\/ -->\n<title>Usluge \u2013 TEAM HARTMANN | Monta\u017ea Altshausen<\/title>\n<meta name=\"description\" content=\"Na\u0161e usluge: monta\u017ea monta\u017enih ku\u0107a, solarnih sistema i gra\u0111evinskih elemenata \u2013 TEAM HARTMANN radi \u0161irom BW-a, Albe i Bodenskog jezera.\" \/>\n<meta name=\"robots\" content=\"noindex, follow, max-snippet:-1, max-image-preview:large, max-video-preview:-1\" \/>\n<meta property=\"og:locale\" content=\"hr_HR\" \/>\n<meta property=\"og:type\" content=\"article\" \/>\n<meta property=\"og:title\" content=\"Usluge \u2013 TEAM HARTMANN | Monta\u017ea Altshausen\" \/>\n<meta property=\"og:description\" content=\"Na\u0161e usluge: monta\u017ea monta\u017enih ku\u0107a, solarnih sistema i gra\u0111evinskih elemenata \u2013 TEAM HARTMANN radi \u0161irom BW-a, Albe i Bodenskog jezera.\" \/>\n<meta property=\"og:url\" content=\"https:\/\/www.hartmannmontagebau.de\/hr\/usluge\/\" \/>\n<meta property=\"og:site_name\" content=\"TEAM HARTMANN &ndash; Die Montagebau Profis aus Altshausen\" \/>\n<meta property=\"article:modified_time\" content=\"2025-07-15T15:09:26+00:00\" \/>\n<meta name=\"twitter:card\" content=\"summary_large_image\" \/>\n<meta name=\"twitter:label1\" content=\"Procijenjeno vrijeme \u010ditanja\" \/>\n\t<meta name=\"twitter:data1\" content=\"2 minute\" \/>\n<script type=\"application\/ld+json\" class=\"yoast-schema-graph\">{\"@context\":\"https:\\\/\\\/schema.org\",\"@graph\":[{\"@type\":\"WebPage\",\"@id\":\"https:\\\/\\\/www.hartmannmontagebau.de\\\/hr\\\/usluge\\\/\",\"url\":\"https:\\\/\\\/www.hartmannmontagebau.de\\\/hr\\\/usluge\\\/\",\"name\":\"Usluge \u2013 TEAM HARTMANN | Monta\u017ea Altshausen\",\"isPartOf\":{\"@id\":\"https:\\\/\\\/www.hartmannmontagebau.de\\\/#website\"},\"datePublished\":\"2025-05-10T09:37:59+00:00\",\"dateModified\":\"2025-07-15T15:09:26+00:00\",\"description\":\"Na\u0161e usluge: monta\u017ea monta\u017enih ku\u0107a, solarnih sistema i gra\u0111evinskih elemenata \u2013 TEAM HARTMANN radi \u0161irom BW-a, Albe i Bodenskog jezera.\",\"breadcrumb\":{\"@id\":\"https:\\\/\\\/www.hartmannmontagebau.de\\\/hr\\\/usluge\\\/#breadcrumb\"},\"inLanguage\":\"hr\",\"potentialAction\":[{\"@type\":\"ReadAction\",\"target\":[\"https:\\\/\\\/www.hartmannmontagebau.de\\\/hr\\\/usluge\\\/\"]}]},{\"@type\":\"BreadcrumbList\",\"@id\":\"https:\\\/\\\/www.hartmannmontagebau.de\\\/hr\\\/usluge\\\/#breadcrumb\",\"itemListElement\":[{\"@type\":\"ListItem\",\"position\":1,\"name\":\"Startseite\",\"item\":\"https:\\\/\\\/www.hartmannmontagebau.de\\\/hr\\\/\"},{\"@type\":\"ListItem\",\"position\":2,\"name\":\"USLUGE\"}]},{\"@type\":\"WebSite\",\"@id\":\"https:\\\/\\\/www.hartmannmontagebau.de\\\/#website\",\"url\":\"https:\\\/\\\/www.hartmannmontagebau.de\\\/\",\"name\":\"TEAM HARTMANN \u2013 Montagebau, Fertighausmontage und PV\",\"description\":\"Montage von Fertigh&auml;usern, PV-Anlagen und Bauelementen\",\"publisher\":{\"@id\":\"https:\\\/\\\/www.hartmannmontagebau.de\\\/#organization\"},\"potentialAction\":[{\"@type\":\"SearchAction\",\"target\":{\"@type\":\"EntryPoint\",\"urlTemplate\":\"https:\\\/\\\/www.hartmannmontagebau.de\\\/?s={search_term_string}\"},\"query-input\":{\"@type\":\"PropertyValueSpecification\",\"valueRequired\":true,\"valueName\":\"search_term_string\"}}],\"inLanguage\":\"hr\"},{\"@type\":\"Organization\",\"@id\":\"https:\\\/\\\/www.hartmannmontagebau.de\\\/#organization\",\"name\":\"TEAM HARTMANN\",\"url\":\"https:\\\/\\\/www.hartmannmontagebau.de\\\/\",\"logo\":{\"@type\":\"ImageObject\",\"inLanguage\":\"hr\",\"@id\":\"https:\\\/\\\/www.hartmannmontagebau.de\\\/#\\\/schema\\\/logo\\\/image\\\/\",\"url\":\"https:\\\/\\\/www.hartmannmontagebau.de\\\/wp-content\\\/uploads\\\/logo_hartmann33px.png\",\"contentUrl\":\"https:\\\/\\\/www.hartmannmontagebau.de\\\/wp-content\\\/uploads\\\/logo_hartmann33px.png\",\"width\":127,\"height\":38,\"caption\":\"TEAM HARTMANN\"},\"image\":{\"@id\":\"https:\\\/\\\/www.hartmannmontagebau.de\\\/#\\\/schema\\\/logo\\\/image\\\/\"},\"sameAs\":[\"https:\\\/\\\/www.instagram.com\\\/montagebau_hartmann_\\\/\"]}]}<\/script>\n<!-- \/ Yoast SEO plugin. -->","yoast_head_json":{"title":"Usluge \u2013 TEAM HARTMANN | Monta\u017ea Altshausen","description":"Na\u0161e usluge: monta\u017ea monta\u017enih ku\u0107a, solarnih sistema i gra\u0111evinskih elemenata \u2013 TEAM HARTMANN radi \u0161irom BW-a, Albe i Bodenskog jezera.","robots":{"index":"noindex","follow":"follow","max-snippet":"max-snippet:-1","max-image-preview":"max-image-preview:large","max-video-preview":"max-video-preview:-1"},"og_locale":"hr_HR","og_type":"article","og_title":"Usluge \u2013 TEAM HARTMANN | Monta\u017ea Altshausen","og_description":"Na\u0161e usluge: monta\u017ea monta\u017enih ku\u0107a, solarnih sistema i gra\u0111evinskih elemenata \u2013 TEAM HARTMANN radi \u0161irom BW-a, Albe i Bodenskog jezera.","og_url":"https:\/\/www.hartmannmontagebau.de\/hr\/usluge\/","og_site_name":"TEAM HARTMANN &ndash; Die Montagebau Profis aus Altshausen","article_modified_time":"2025-07-15T15:09:26+00:00","twitter_card":"summary_large_image","twitter_misc":{"Procijenjeno vrijeme \u010ditanja":"2 minute"},"schema":{"@context":"https:\/\/schema.org","@graph":[{"@type":"WebPage","@id":"https:\/\/www.hartmannmontagebau.de\/hr\/usluge\/","url":"https:\/\/www.hartmannmontagebau.de\/hr\/usluge\/","name":"Usluge \u2013 TEAM HARTMANN | Monta\u017ea Altshausen","isPartOf":{"@id":"https:\/\/www.hartmannmontagebau.de\/#website"},"datePublished":"2025-05-10T09:37:59+00:00","dateModified":"2025-07-15T15:09:26+00:00","description":"Na\u0161e usluge: monta\u017ea monta\u017enih ku\u0107a, solarnih sistema i gra\u0111evinskih elemenata \u2013 TEAM HARTMANN radi \u0161irom BW-a, Albe i Bodenskog jezera.","breadcrumb":{"@id":"https:\/\/www.hartmannmontagebau.de\/hr\/usluge\/#breadcrumb"},"inLanguage":"hr","potentialAction":[{"@type":"ReadAction","target":["https:\/\/www.hartmannmontagebau.de\/hr\/usluge\/"]}]},{"@type":"BreadcrumbList","@id":"https:\/\/www.hartmannmontagebau.de\/hr\/usluge\/#breadcrumb","itemListElement":[{"@type":"ListItem","position":1,"name":"Startseite","item":"https:\/\/www.hartmannmontagebau.de\/hr\/"},{"@type":"ListItem","position":2,"name":"USLUGE"}]},{"@type":"WebSite","@id":"https:\/\/www.hartmannmontagebau.de\/#website","url":"https:\/\/www.hartmannmontagebau.de\/","name":"TEAM HARTMANN \u2013 Montagebau, Fertighausmontage und PV","description":"Montage von Fertigh&auml;usern, PV-Anlagen und Bauelementen","publisher":{"@id":"https:\/\/www.hartmannmontagebau.de\/#organization"},"potentialAction":[{"@type":"SearchAction","target":{"@type":"EntryPoint","urlTemplate":"https:\/\/www.hartmannmontagebau.de\/?s={search_term_string}"},"query-input":{"@type":"PropertyValueSpecification","valueRequired":true,"valueName":"search_term_string"}}],"inLanguage":"hr"},{"@type":"Organization","@id":"https:\/\/www.hartmannmontagebau.de\/#organization","name":"TEAM HARTMANN","url":"https:\/\/www.hartmannmontagebau.de\/","logo":{"@type":"ImageObject","inLanguage":"hr","@id":"https:\/\/www.hartmannmontagebau.de\/#\/schema\/logo\/image\/","url":"https:\/\/www.hartmannmontagebau.de\/wp-content\/uploads\/logo_hartmann33px.png","contentUrl":"https:\/\/www.hartmannmontagebau.de\/wp-content\/uploads\/logo_hartmann33px.png","width":127,"height":38,"caption":"TEAM HARTMANN"},"image":{"@id":"https:\/\/www.hartmannmontagebau.de\/#\/schema\/logo\/image\/"},"sameAs":["https:\/\/www.instagram.com\/montagebau_hartmann_\/"]}]}},"_links":{"self":[{"href":"https:\/\/www.hartmannmontagebau.de\/hr\/wp-json\/wp\/v2\/pages\/232","targetHints":{"allow":["GET"]}}],"collection":[{"href":"https:\/\/www.hartmannmontagebau.de\/hr\/wp-json\/wp\/v2\/pages"}],"about":[{"href":"https:\/\/www.hartmannmontagebau.de\/hr\/wp-json\/wp\/v2\/types\/page"}],"author":[{"embeddable":true,"href":"https:\/\/www.hartmannmontagebau.de\/hr\/wp-json\/wp\/v2\/users\/1"}],"replies":[{"embeddable":true,"href":"https:\/\/www.hartmannmontagebau.de\/hr\/wp-json\/wp\/v2\/comments?post=232"}],"version-history":[{"count":6,"href":"https:\/\/www.hartmannmontagebau.de\/hr\/wp-json\/wp\/v2\/pages\/232\/revisions"}],"predecessor-version":[{"id":347,"href":"https:\/\/www.hartmannmontagebau.de\/hr\/wp-json\/wp\/v2\/pages\/232\/revisions\/347"}],"wp:attachment":[{"href":"https:\/\/www.hartmannmontagebau.de\/hr\/wp-json\/wp\/v2\/media?parent=232"}],"curies":[{"name":"wp","href":"https:\/\/api.w.org\/{rel}","templated":true}]}}