{"id":229,"date":"2025-05-10T10:46:09","date_gmt":"2025-05-10T10:46:09","guid":{"rendered":"https:\/\/www.hartmannmontagebau.de\/kontakt\/"},"modified":"2025-07-15T15:52:19","modified_gmt":"2025-07-15T15:52:19","slug":"posaljite","status":"publish","type":"page","link":"https:\/\/www.hartmannmontagebau.de\/hr\/posaljite\/","title":{"rendered":"PO\u0160ALJITE"},"content":{"rendered":"<div class=\"wpb-content-wrapper\"><p>[vc_row full_width=&#8221;stretch_row&#8221; css=&#8221;.vc_custom_1748517642140{padding-top: 100px !important;padding-bottom: 100px !important;background-image: url(https:\/\/www.hartmannmontagebau.de\/wp-content\/uploads\/hartmann_header_kontakt-small.jpg?id=193) !important;background-position: center !important;background-repeat: no-repeat !important;background-size: cover !important;}&#8221;][vc_column width=&#8221;2\/3&#8243;][\/vc_column][vc_column width=&#8221;1\/3&#8243; css=&#8221;.vc_custom_1746873773881{padding-top: 30px !important;padding-bottom: 30px !important;background-color: #FFD905 !important;}&#8221;][vc_custom_heading text=&#8221;NA\u0160I KONTAKT&#8221; use_theme_fonts=&#8221;yes&#8221; css_animation=&#8221;fadeInDown&#8221; css=&#8221;.vc_custom_1752594330640{margin-bottom: 0px !important;}&#8221; el_class=&#8221;black-bg-text&#8221;][vc_empty_space height=&#8221;0px&#8221;][vc_custom_heading text=&#8221;PODACI&#8221; use_theme_fonts=&#8221;yes&#8221; css_animation=&#8221;fadeInDown&#8221; css=&#8221;.vc_custom_1752594338923{margin-bottom: 50px !important;}&#8221; el_class=&#8221;black-bg-text&#8221;][vc_column_text css_animation=&#8221;fadeInDown&#8221; css=&#8221;&#8221;]<strong>Montagebau Hartmann GmbH<\/strong><br \/>\n<strong>Max-Planck-Stra\u00dfe 2\/1<\/strong><br \/>\n<strong>D-88361 Altshausen<\/strong>[\/vc_column_text][vc_custom_heading text=&#8221;Telefon: +49(0)7584 &#8211; 9274572&#8243; font_container=&#8221;tag:p|font_size:20px|text_align:left&#8221; use_theme_fonts=&#8221;yes&#8221; css_animation=&#8221;fadeInDown&#8221; css=&#8221;&#8221; link=&#8221;url:tel%3A%2B4975849274572&#8243;][vc_custom_heading text=&#8221;info@hartmannmontagebau.de&#8221; font_container=&#8221;tag:p|font_size:20px|text_align:left&#8221; use_theme_fonts=&#8221;yes&#8221; css_animation=&#8221;fadeInDown&#8221; css=&#8221;&#8221; link=&#8221;url:mailto%3Ainfo%40hartmannmontagebau.de&#8221;][\/vc_column][\/vc_row][vc_section full_width=&#8221;stretch_row&#8221; css=&#8221;.vc_custom_1746873872072{padding-top: 50px !important;padding-bottom: 50px !important;background-color: #000000 !important;}&#8221;][vc_row css_animation=&#8221;fadeInDown&#8221;][vc_column][vc_custom_heading text=&#8221;RADUJEMO&#8221; font_container=&#8221;tag:h2|text_align:left|color:%23000000&#8243; use_theme_fonts=&#8221;yes&#8221; css=&#8221;.vc_custom_1752587983786{margin-bottom: 0px !important;}&#8221; el_class=&#8221;yellow-bg-text&#8221;][vc_empty_space height=&#8221;0px&#8221;][vc_custom_heading text=&#8221;SE VA\u0160EM DOLASKU&#8221; font_container=&#8221;tag:h2|text_align:left|color:%23000000&#8243; use_theme_fonts=&#8221;yes&#8221; css=&#8221;.vc_custom_1752587989124{margin-bottom: 70px !important;}&#8221; el_class=&#8221;yellow-bg-text&#8221;]\n<div class=\"wpcf7 no-js\" id=\"wpcf7-f338-o1\" lang=\"de-DE\" dir=\"ltr\" data-wpcf7-id=\"338\">\n<div class=\"screen-reader-response\"><p role=\"status\" aria-live=\"polite\" aria-atomic=\"true\"><\/p> <ul><\/ul><\/div>\n<form action=\"\/hr\/wp-json\/wp\/v2\/pages\/229#wpcf7-f338-o1\" method=\"post\" class=\"wpcf7-form init\" aria-label=\"Kontaktformular\" novalidate=\"novalidate\" data-status=\"init\">\n<fieldset class=\"hidden-fields-container\"><input type=\"hidden\" name=\"_wpcf7\" value=\"338\" \/><input type=\"hidden\" name=\"_wpcf7_version\" value=\"6.1.5\" \/><input type=\"hidden\" name=\"_wpcf7_locale\" value=\"de_DE\" \/><input type=\"hidden\" name=\"_wpcf7_unit_tag\" value=\"wpcf7-f338-o1\" \/><input type=\"hidden\" name=\"_wpcf7_container_post\" value=\"0\" \/><input type=\"hidden\" name=\"_wpcf7_posted_data_hash\" value=\"\" \/>\n<\/fieldset>\n<div class=\"vc_col-sm-6\">\n\t<p><label> IME<br \/>\n<span class=\"wpcf7-form-control-wrap\" data-name=\"your-name\"><input size=\"40\" maxlength=\"400\" class=\"wpcf7-form-control wpcf7-text wpcf7-validates-as-required\" autocomplete=\"name\" aria-required=\"true\" aria-invalid=\"false\" value=\"\" type=\"text\" name=\"your-name\" \/><\/span> <\/label>\n\t<\/p>\n<\/div>\n<div class=\"vc_col-sm-6\">\n\t<p><label> E-Mail<br \/>\n<span class=\"wpcf7-form-control-wrap\" data-name=\"your-email\"><input size=\"40\" maxlength=\"400\" class=\"wpcf7-form-control wpcf7-email wpcf7-validates-as-required wpcf7-text wpcf7-validates-as-email\" autocomplete=\"email\" aria-required=\"true\" aria-invalid=\"false\" value=\"\" type=\"email\" name=\"your-email\" \/><\/span> <\/label>\n\t<\/p>\n<\/div>\n<div class=\"vc_col-sm-6\">\n\t<p><label> PREZIME<br \/>\n<span class=\"wpcf7-form-control-wrap\" data-name=\"your-subject\"><input size=\"40\" maxlength=\"400\" class=\"wpcf7-form-control wpcf7-text wpcf7-validates-as-required\" aria-required=\"true\" aria-invalid=\"false\" value=\"\" type=\"text\" name=\"your-subject\" \/><\/span> <\/label>\n\t<\/p>\n<\/div>\n<div class=\"vc_col-sm-6\">\n\t<p><label> TELEFON<br \/>\n<span class=\"wpcf7-form-control-wrap\" data-name=\"tel-996\"><input size=\"40\" maxlength=\"400\" class=\"wpcf7-form-control wpcf7-tel wpcf7-validates-as-required wpcf7-text wpcf7-validates-as-tel\" aria-required=\"true\" aria-invalid=\"false\" value=\"\" type=\"tel\" name=\"tel-996\" \/><\/span> <\/label>\n\t<\/p>\n<\/div>\n<div class=\"vc_col-sm-12\">\n\t<p><label> PORUKA<br \/>\n<span class=\"wpcf7-form-control-wrap\" data-name=\"your-message\"><textarea cols=\"40\" rows=\"10\" maxlength=\"2000\" class=\"wpcf7-form-control wpcf7-textarea\" aria-invalid=\"false\" name=\"your-message\"><\/textarea><\/span> <\/label>\n\t<\/p>\n<\/div>\n<div class=\"vc_col-sm-12\">\n\t<p><span class=\"wpcf7-form-control-wrap\" data-name=\"acceptance-129\"><span class=\"wpcf7-form-control wpcf7-acceptance\"><span class=\"wpcf7-list-item\"><label><input type=\"checkbox\" name=\"acceptance-129\" value=\"1\" aria-invalid=\"false\" \/><span class=\"wpcf7-list-item-label\">IMAM <a href=\".\/datenschutz\">IZJAVA O ZA\u0160TITI PODATAKA<\/a> PRO\u010cITAO\/LA SAM I PRIHVATAM<\/span><\/label><\/span><\/span><\/span>\n\t<\/p>\n<\/div>\n<div class=\"vc_col-sm-12\">\n\t<p><input class=\"wpcf7-form-control wpcf7-submit has-spinner\" type=\"submit\" value=\"PO\u0160ALJI\" \/>\n\t<\/p>\n<\/div><div class=\"wpcf7-response-output\" aria-hidden=\"true\"><\/div>\n<\/form>\n<\/div>\n[vc_empty_space height=&#8221;50px&#8221;][vc_column_text css=&#8221;&#8221; el_class=&#8221;text-white&#8221;]ZAKON O URE\u0110ENJU ZANATSTVA (HANDWERKSORDNUNG)<br \/>\n\u00a7 5 HwO<\/p>\n<p>Osoba koja obavlja zanat prema \u00a7 1 stav 1 mo\u017ee obavljati i<br \/>\nRadove u drugim zanatima prema \u00a7 1 stav 1, ako su ti radovi<br \/>\ntehni\u010dki ili stru\u010dni povezani s ponudom njenog poslovanja ili je ekonomski dopunjuju.[\/vc_column_text][\/vc_column][\/vc_row][\/vc_section]<\/p>\n<\/div>","protected":false},"excerpt":{"rendered":"<p>[vc_row full_width=&#8221;stretch_row&#8221; css=&#8221;.vc_custom_1748517642140{padding-top: 100px !important;padding-bottom: 100px !important;background-image: url(https:\/\/www.hartmannmontagebau.de\/wp-content\/uploads\/hartmann_header_kontakt-small.jpg?id=193) !important;background-position: center !important;background-repeat: no-repeat !important;background-size: cover !important;}&#8221;][vc_column width=&#8221;2\/3&#8243;][\/vc_column][vc_column width=&#8221;1\/3&#8243; css=&#8221;.vc_custom_1746873773881{padding-top: 30px !important;padding-bottom: 30px !important;background-color: #FFD905 !important;}&#8221;][vc_custom_heading text=&#8221;NA\u0160I KONTAKT&#8221; use_theme_fonts=&#8221;yes&#8221; css_animation=&#8221;fadeInDown&#8221; css=&#8221;.vc_custom_1752594330640{margin-bottom: 0px !important;}&#8221; el_class=&#8221;black-bg-text&#8221;][vc_empty_space height=&#8221;0px&#8221;][vc_custom_heading text=&#8221;PODACI&#8221; use_theme_fonts=&#8221;yes&#8221; css_animation=&#8221;fadeInDown&#8221; css=&#8221;.vc_custom_1752594338923{margin-bottom: 50px !important;}&#8221; el_class=&#8221;black-bg-text&#8221;][vc_column_text css_animation=&#8221;fadeInDown&#8221; css=&#8221;&#8221;]Montagebau Hartmann GmbH Max-Planck-Stra\u00dfe 2\/1 D-88361 Altshausen[\/vc_column_text][vc_custom_heading text=&#8221;Telefon: +49(0)7584 &#8211; 9274572&#8243; font_container=&#8221;tag:p|font_size:20px|text_align:left&#8221; use_theme_fonts=&#8221;yes&#8221; css_animation=&#8221;fadeInDown&#8221;&hellip;<\/p>\n","protected":false},"author":1,"featured_media":0,"parent":0,"menu_order":0,"comment_status":"closed","ping_status":"closed","template":"","meta":{"footnotes":""},"class_list":["post-229","page","type-page","status-publish","hentry","description-off"],"yoast_head":"<!-- This site is optimized with the Yoast SEO plugin v27.4 - https:\/\/yoast.com\/product\/yoast-seo-wordpress\/ -->\n<title>Kontakt \u2013 TEAM HARTMANN iz Altshausen<\/title>\n<meta name=\"description\" content=\"Kontaktirajte nas \u2013 TEAM HARTMANN iz Altshausena je va\u0161 partner za monta\u017eu ku\u0107a i solarnih sistema u BW-u, na Albi i u oblasti Bodenskog jezera.\" \/>\n<meta name=\"robots\" content=\"noindex, follow, max-snippet:-1, max-image-preview:large, max-video-preview:-1\" \/>\n<meta property=\"og:locale\" content=\"hr_HR\" \/>\n<meta property=\"og:type\" content=\"article\" \/>\n<meta property=\"og:title\" content=\"Kontakt \u2013 TEAM HARTMANN iz Altshausen\" \/>\n<meta property=\"og:description\" content=\"Kontaktirajte nas \u2013 TEAM HARTMANN iz Altshausena je va\u0161 partner za monta\u017eu ku\u0107a i solarnih sistema u BW-u, na Albi i u oblasti Bodenskog jezera.\" \/>\n<meta property=\"og:url\" content=\"https:\/\/www.hartmannmontagebau.de\/kontakt\/\" \/>\n<meta property=\"og:site_name\" content=\"TEAM HARTMANN &ndash; Die Montagebau Profis aus Altshausen\" \/>\n<meta property=\"article:modified_time\" content=\"2025-07-15T15:52:19+00:00\" \/>\n<meta name=\"twitter:card\" content=\"summary_large_image\" \/>\n<meta name=\"twitter:label1\" content=\"Procijenjeno vrijeme \u010ditanja\" \/>\n\t<meta name=\"twitter:data1\" content=\"1 minuta\" \/>\n<script type=\"application\/ld+json\" class=\"yoast-schema-graph\">{\"@context\":\"https:\\\/\\\/schema.org\",\"@graph\":[{\"@type\":\"WebPage\",\"@id\":\"https:\\\/\\\/www.hartmannmontagebau.de\\\/kontakt\\\/\",\"url\":\"https:\\\/\\\/www.hartmannmontagebau.de\\\/kontakt\\\/\",\"name\":\"Kontakt \u2013 TEAM HARTMANN iz Altshausen\",\"isPartOf\":{\"@id\":\"https:\\\/\\\/www.hartmannmontagebau.de\\\/#website\"},\"datePublished\":\"2025-05-10T10:46:09+00:00\",\"dateModified\":\"2025-07-15T15:52:19+00:00\",\"description\":\"Kontaktirajte nas \u2013 TEAM HARTMANN iz Altshausena je va\u0161 partner za monta\u017eu ku\u0107a i solarnih sistema u BW-u, na Albi i u oblasti Bodenskog jezera.\",\"breadcrumb\":{\"@id\":\"https:\\\/\\\/www.hartmannmontagebau.de\\\/kontakt\\\/#breadcrumb\"},\"inLanguage\":\"hr\",\"potentialAction\":[{\"@type\":\"ReadAction\",\"target\":[\"https:\\\/\\\/www.hartmannmontagebau.de\\\/kontakt\\\/\"]}]},{\"@type\":\"BreadcrumbList\",\"@id\":\"https:\\\/\\\/www.hartmannmontagebau.de\\\/kontakt\\\/#breadcrumb\",\"itemListElement\":[{\"@type\":\"ListItem\",\"position\":1,\"name\":\"Startseite\",\"item\":\"https:\\\/\\\/www.hartmannmontagebau.de\\\/hr\\\/\"},{\"@type\":\"ListItem\",\"position\":2,\"name\":\"PO\u0160ALJITE\"}]},{\"@type\":\"WebSite\",\"@id\":\"https:\\\/\\\/www.hartmannmontagebau.de\\\/#website\",\"url\":\"https:\\\/\\\/www.hartmannmontagebau.de\\\/\",\"name\":\"TEAM HARTMANN \u2013 Montagebau, Fertighausmontage und PV\",\"description\":\"Montage von Fertigh&auml;usern, PV-Anlagen und Bauelementen\",\"publisher\":{\"@id\":\"https:\\\/\\\/www.hartmannmontagebau.de\\\/#organization\"},\"potentialAction\":[{\"@type\":\"SearchAction\",\"target\":{\"@type\":\"EntryPoint\",\"urlTemplate\":\"https:\\\/\\\/www.hartmannmontagebau.de\\\/?s={search_term_string}\"},\"query-input\":{\"@type\":\"PropertyValueSpecification\",\"valueRequired\":true,\"valueName\":\"search_term_string\"}}],\"inLanguage\":\"hr\"},{\"@type\":\"Organization\",\"@id\":\"https:\\\/\\\/www.hartmannmontagebau.de\\\/#organization\",\"name\":\"TEAM HARTMANN\",\"url\":\"https:\\\/\\\/www.hartmannmontagebau.de\\\/\",\"logo\":{\"@type\":\"ImageObject\",\"inLanguage\":\"hr\",\"@id\":\"https:\\\/\\\/www.hartmannmontagebau.de\\\/#\\\/schema\\\/logo\\\/image\\\/\",\"url\":\"https:\\\/\\\/www.hartmannmontagebau.de\\\/wp-content\\\/uploads\\\/logo_hartmann33px.png\",\"contentUrl\":\"https:\\\/\\\/www.hartmannmontagebau.de\\\/wp-content\\\/uploads\\\/logo_hartmann33px.png\",\"width\":127,\"height\":38,\"caption\":\"TEAM HARTMANN\"},\"image\":{\"@id\":\"https:\\\/\\\/www.hartmannmontagebau.de\\\/#\\\/schema\\\/logo\\\/image\\\/\"},\"sameAs\":[\"https:\\\/\\\/www.instagram.com\\\/montagebau_hartmann_\\\/\"]}]}<\/script>\n<!-- \/ Yoast SEO plugin. -->","yoast_head_json":{"title":"Kontakt \u2013 TEAM HARTMANN iz Altshausen","description":"Kontaktirajte nas \u2013 TEAM HARTMANN iz Altshausena je va\u0161 partner za monta\u017eu ku\u0107a i solarnih sistema u BW-u, na Albi i u oblasti Bodenskog jezera.","robots":{"index":"noindex","follow":"follow","max-snippet":"max-snippet:-1","max-image-preview":"max-image-preview:large","max-video-preview":"max-video-preview:-1"},"og_locale":"hr_HR","og_type":"article","og_title":"Kontakt \u2013 TEAM HARTMANN iz Altshausen","og_description":"Kontaktirajte nas \u2013 TEAM HARTMANN iz Altshausena je va\u0161 partner za monta\u017eu ku\u0107a i solarnih sistema u BW-u, na Albi i u oblasti Bodenskog jezera.","og_url":"https:\/\/www.hartmannmontagebau.de\/kontakt\/","og_site_name":"TEAM HARTMANN &ndash; Die Montagebau Profis aus Altshausen","article_modified_time":"2025-07-15T15:52:19+00:00","twitter_card":"summary_large_image","twitter_misc":{"Procijenjeno vrijeme \u010ditanja":"1 minuta"},"schema":{"@context":"https:\/\/schema.org","@graph":[{"@type":"WebPage","@id":"https:\/\/www.hartmannmontagebau.de\/kontakt\/","url":"https:\/\/www.hartmannmontagebau.de\/kontakt\/","name":"Kontakt \u2013 TEAM HARTMANN iz Altshausen","isPartOf":{"@id":"https:\/\/www.hartmannmontagebau.de\/#website"},"datePublished":"2025-05-10T10:46:09+00:00","dateModified":"2025-07-15T15:52:19+00:00","description":"Kontaktirajte nas \u2013 TEAM HARTMANN iz Altshausena je va\u0161 partner za monta\u017eu ku\u0107a i solarnih sistema u BW-u, na Albi i u oblasti Bodenskog jezera.","breadcrumb":{"@id":"https:\/\/www.hartmannmontagebau.de\/kontakt\/#breadcrumb"},"inLanguage":"hr","potentialAction":[{"@type":"ReadAction","target":["https:\/\/www.hartmannmontagebau.de\/kontakt\/"]}]},{"@type":"BreadcrumbList","@id":"https:\/\/www.hartmannmontagebau.de\/kontakt\/#breadcrumb","itemListElement":[{"@type":"ListItem","position":1,"name":"Startseite","item":"https:\/\/www.hartmannmontagebau.de\/hr\/"},{"@type":"ListItem","position":2,"name":"PO\u0160ALJITE"}]},{"@type":"WebSite","@id":"https:\/\/www.hartmannmontagebau.de\/#website","url":"https:\/\/www.hartmannmontagebau.de\/","name":"TEAM HARTMANN \u2013 Montagebau, Fertighausmontage und PV","description":"Montage von Fertigh&auml;usern, PV-Anlagen und Bauelementen","publisher":{"@id":"https:\/\/www.hartmannmontagebau.de\/#organization"},"potentialAction":[{"@type":"SearchAction","target":{"@type":"EntryPoint","urlTemplate":"https:\/\/www.hartmannmontagebau.de\/?s={search_term_string}"},"query-input":{"@type":"PropertyValueSpecification","valueRequired":true,"valueName":"search_term_string"}}],"inLanguage":"hr"},{"@type":"Organization","@id":"https:\/\/www.hartmannmontagebau.de\/#organization","name":"TEAM HARTMANN","url":"https:\/\/www.hartmannmontagebau.de\/","logo":{"@type":"ImageObject","inLanguage":"hr","@id":"https:\/\/www.hartmannmontagebau.de\/#\/schema\/logo\/image\/","url":"https:\/\/www.hartmannmontagebau.de\/wp-content\/uploads\/logo_hartmann33px.png","contentUrl":"https:\/\/www.hartmannmontagebau.de\/wp-content\/uploads\/logo_hartmann33px.png","width":127,"height":38,"caption":"TEAM HARTMANN"},"image":{"@id":"https:\/\/www.hartmannmontagebau.de\/#\/schema\/logo\/image\/"},"sameAs":["https:\/\/www.instagram.com\/montagebau_hartmann_\/"]}]}},"_links":{"self":[{"href":"https:\/\/www.hartmannmontagebau.de\/hr\/wp-json\/wp\/v2\/pages\/229","targetHints":{"allow":["GET"]}}],"collection":[{"href":"https:\/\/www.hartmannmontagebau.de\/hr\/wp-json\/wp\/v2\/pages"}],"about":[{"href":"https:\/\/www.hartmannmontagebau.de\/hr\/wp-json\/wp\/v2\/types\/page"}],"author":[{"embeddable":true,"href":"https:\/\/www.hartmannmontagebau.de\/hr\/wp-json\/wp\/v2\/users\/1"}],"replies":[{"embeddable":true,"href":"https:\/\/www.hartmannmontagebau.de\/hr\/wp-json\/wp\/v2\/comments?post=229"}],"version-history":[{"count":11,"href":"https:\/\/www.hartmannmontagebau.de\/hr\/wp-json\/wp\/v2\/pages\/229\/revisions"}],"predecessor-version":[{"id":369,"href":"https:\/\/www.hartmannmontagebau.de\/hr\/wp-json\/wp\/v2\/pages\/229\/revisions\/369"}],"wp:attachment":[{"href":"https:\/\/www.hartmannmontagebau.de\/hr\/wp-json\/wp\/v2\/media?parent=229"}],"curies":[{"name":"wp","href":"https:\/\/api.w.org\/{rel}","templated":true}]}}